{"id":375,"date":"2024-01-11T11:27:02","date_gmt":"2024-01-11T11:27:02","guid":{"rendered":"https:\/\/mar-cigars.com\/fragen-und-antworten\/"},"modified":"2024-03-26T14:20:29","modified_gmt":"2024-03-26T14:20:29","slug":"fragen-und-antworten","status":"publish","type":"page","link":"https:\/\/mar-cigars.com\/de\/fragen-und-antworten\/","title":{"rendered":"FRAGEN UND ANTWORTEN"},"content":{"rendered":"\r\n<div  class=\"hero-block\" style=\"background: url('https:\/\/mar-cigars.com\/wp-content\/uploads\/2024\/03\/Beach-scaled-e1710333048901.jpg');\">\r\n    <div class=\"hero-block__container\">\r\n        <div class=\"hero-block__column\">\r\n            \r\n                                <\/div>\r\n        <div class=\"hero-block__column\">\r\n            <a href=\"#\" class=\"hero-block__scroll-down\">Scroll down<\/a>\r\n        <\/div>\r\n    <\/div>\r\n<\/div>\r\n\r\n\n\n\r\n\r\n\r\n<div class=\"accordion\">\r\n  <div class=\"accordion__container\">\r\n              <div class=\"accordion__item\">\r\n                            <div class=\"accordion__header\">\r\n                    <div class=\"accordion__header-title\">\r\n                        <div class=\"accordion__title\">\r\n                          Wie kann ich meine Bestellung verfolgen?                        <\/div>\r\n                        <div class=\"accordion__icon\">\r\n                            <img decoding=\"async\" class=\"accordion__icon-arrow\"\r\n                                 src=\"https:\/\/mar-cigars.com\/wp-content\/themes\/cigaras\/assets\/img\/accordion-arrow.svg\"\r\n                                 alt=\"arrow\"\/>\r\n                            <img decoding=\"async\" class=\"accordion__icon-cross\"\r\n                                 src=\"https:\/\/mar-cigars.com\/wp-content\/themes\/cigaras\/assets\/img\/icons\/delete-cross-x-white.svg\"\r\n                                 alt=\"close icon\"\/>\r\n                        <\/div>\r\n                    <\/div>\r\n                <\/div>\r\n                          <div class=\"accordion__content\">\r\n                                    <div>Sobald Ihre Bestellung versandt wurde, erhalten Sie eine E-Mail mit einer Sendungsverfolgungsnummer und einem Link, \u00fcber den Sie Ihr Paket verfolgen k\u00f6nnen.<\/div>\r\n                              <\/div>\r\n          <\/div>\r\n                <div class=\"accordion__item\">\r\n                            <div class=\"accordion__header\">\r\n                    <div class=\"accordion__header-title\">\r\n                        <div class=\"accordion__title\">\r\n                          Wie ist Ihr R\u00fcckgaberecht?                        <\/div>\r\n                        <div class=\"accordion__icon\">\r\n                            <img decoding=\"async\" class=\"accordion__icon-arrow\"\r\n                                 src=\"https:\/\/mar-cigars.com\/wp-content\/themes\/cigaras\/assets\/img\/accordion-arrow.svg\"\r\n                                 alt=\"arrow\"\/>\r\n                            <img decoding=\"async\" class=\"accordion__icon-cross\"\r\n                                 src=\"https:\/\/mar-cigars.com\/wp-content\/themes\/cigaras\/assets\/img\/icons\/delete-cross-x-white.svg\"\r\n                                 alt=\"close icon\"\/>\r\n                        <\/div>\r\n                    <\/div>\r\n                <\/div>\r\n                          <div class=\"accordion__content\">\r\n                                    <div>Wir akzeptieren R\u00fccksendungen innerhalb von 30 Tagen nach dem Kauf f\u00fcr die meisten Artikel in neuem und unbenutztem Zustand. <\/div>\r\n                              <\/div>\r\n          <\/div>\r\n                <div class=\"accordion__item\">\r\n                            <div class=\"accordion__header\">\r\n                    <div class=\"accordion__header-title\">\r\n                        <div class=\"accordion__title\">\r\n                          Versenden Sie international?                        <\/div>\r\n                        <div class=\"accordion__icon\">\r\n                            <img decoding=\"async\" class=\"accordion__icon-arrow\"\r\n                                 src=\"https:\/\/mar-cigars.com\/wp-content\/themes\/cigaras\/assets\/img\/accordion-arrow.svg\"\r\n                                 alt=\"arrow\"\/>\r\n                            <img decoding=\"async\" class=\"accordion__icon-cross\"\r\n                                 src=\"https:\/\/mar-cigars.com\/wp-content\/themes\/cigaras\/assets\/img\/icons\/delete-cross-x-white.svg\"\r\n                                 alt=\"close icon\"\/>\r\n                        <\/div>\r\n                    <\/div>\r\n                <\/div>\r\n                          <div class=\"accordion__content\">\r\n                                    <div>??<\/div>\r\n                              <\/div>\r\n          <\/div>\r\n                <div class=\"accordion__item\">\r\n                            <div class=\"accordion__header\">\r\n                    <div class=\"accordion__header-title\">\r\n                        <div class=\"accordion__title\">\r\n                          Wie kann ich meine Bestellung \u00e4ndern oder stornieren?                        <\/div>\r\n                        <div class=\"accordion__icon\">\r\n                            <img decoding=\"async\" class=\"accordion__icon-arrow\"\r\n                                 src=\"https:\/\/mar-cigars.com\/wp-content\/themes\/cigaras\/assets\/img\/accordion-arrow.svg\"\r\n                                 alt=\"arrow\"\/>\r\n                            <img decoding=\"async\" class=\"accordion__icon-cross\"\r\n                                 src=\"https:\/\/mar-cigars.com\/wp-content\/themes\/cigaras\/assets\/img\/icons\/delete-cross-x-white.svg\"\r\n                                 alt=\"close icon\"\/>\r\n                        <\/div>\r\n                    <\/div>\r\n                <\/div>\r\n                          <div class=\"accordion__content\">\r\n                                    <div>Wenn Sie Ihre Bestellung \u00e4ndern oder stornieren m\u00f6chten, kontaktieren Sie uns bitte so schnell wie m\u00f6glich. Wenn Ihre Bestellung noch nicht versandt wurde, werden wir unser Bestes tun, um Ihre Anfrage zu ber\u00fccksichtigen.<\/div>\r\n                              <\/div>\r\n          <\/div>\r\n                <div class=\"accordion__item\">\r\n                            <div class=\"accordion__header\">\r\n                    <div class=\"accordion__header-title\">\r\n                        <div class=\"accordion__title\">\r\n                          Welche Zahlungsarten akzeptieren Sie?                        <\/div>\r\n                        <div class=\"accordion__icon\">\r\n                            <img decoding=\"async\" class=\"accordion__icon-arrow\"\r\n                                 src=\"https:\/\/mar-cigars.com\/wp-content\/themes\/cigaras\/assets\/img\/accordion-arrow.svg\"\r\n                                 alt=\"arrow\"\/>\r\n                            <img decoding=\"async\" class=\"accordion__icon-cross\"\r\n                                 src=\"https:\/\/mar-cigars.com\/wp-content\/themes\/cigaras\/assets\/img\/icons\/delete-cross-x-white.svg\"\r\n                                 alt=\"close icon\"\/>\r\n                        <\/div>\r\n                    <\/div>\r\n                <\/div>\r\n                          <div class=\"accordion__content\">\r\n                                    <div>Wir akzeptieren verschiedene Zahlungsarten, darunter Kreditkarten (Visa, MasterCard), PayPal und Bargeld.<\/div>\r\n                              <\/div>\r\n          <\/div>\r\n                <div class=\"accordion__item\">\r\n                            <div class=\"accordion__header\">\r\n                    <div class=\"accordion__header-title\">\r\n                        <div class=\"accordion__title\">\r\n                          Wie sollte ich meine Zigarren lagern, um ihre Qualit\u00e4t zu erhalten?                        <\/div>\r\n                        <div class=\"accordion__icon\">\r\n                            <img decoding=\"async\" class=\"accordion__icon-arrow\"\r\n                                 src=\"https:\/\/mar-cigars.com\/wp-content\/themes\/cigaras\/assets\/img\/accordion-arrow.svg\"\r\n                                 alt=\"arrow\"\/>\r\n                            <img decoding=\"async\" class=\"accordion__icon-cross\"\r\n                                 src=\"https:\/\/mar-cigars.com\/wp-content\/themes\/cigaras\/assets\/img\/icons\/delete-cross-x-white.svg\"\r\n                                 alt=\"close icon\"\/>\r\n                        <\/div>\r\n                    <\/div>\r\n                <\/div>\r\n                          <div class=\"accordion__content\">\r\n                                    <div>Zigarren sollten in einem Humidor bei einer relativen Luftfeuchtigkeit von 68-72% und einer Temperatur von etwa 21\u00b0C (70\u00b0F) gelagert werden, um ihre Frische und ihren Geschmack zu erhalten.<\/div>\r\n                              <\/div>\r\n          <\/div>\r\n                <div class=\"accordion__item\">\r\n                            <div class=\"accordion__header\">\r\n                    <div class=\"accordion__header-title\">\r\n                        <div class=\"accordion__title\">\r\n                          Wie viele Zigarren sind in jeder Kiste enthalten?                        <\/div>\r\n                        <div class=\"accordion__icon\">\r\n                            <img decoding=\"async\" class=\"accordion__icon-arrow\"\r\n                                 src=\"https:\/\/mar-cigars.com\/wp-content\/themes\/cigaras\/assets\/img\/accordion-arrow.svg\"\r\n                                 alt=\"arrow\"\/>\r\n                            <img decoding=\"async\" class=\"accordion__icon-cross\"\r\n                                 src=\"https:\/\/mar-cigars.com\/wp-content\/themes\/cigaras\/assets\/img\/icons\/delete-cross-x-white.svg\"\r\n                                 alt=\"close icon\"\/>\r\n                        <\/div>\r\n                    <\/div>\r\n                <\/div>\r\n                          <div class=\"accordion__content\">\r\n                                    <div>Jede Kiste wird sorgf\u00e4ltig kuratiert, um 12 Premium-Zigarren zu enthalten, die eine gro\u00dfz\u00fcgige Versorgung mit Ihrer bevorzugten Mischung f\u00fcr Ihren Genuss gew\u00e4hrleisten.<\/div>\r\n                              <\/div>\r\n          <\/div>\r\n        <\/div>\r\n<\/div>\r\n","protected":false},"excerpt":{"rendered":"","protected":false},"author":35,"featured_media":0,"parent":0,"menu_order":0,"comment_status":"closed","ping_status":"closed","template":"","meta":{"footnotes":""},"class_list":["post-375","page","type-page","status-publish","hentry"],"acf":[],"_links":{"self":[{"href":"https:\/\/mar-cigars.com\/de\/wp-json\/wp\/v2\/pages\/375","targetHints":{"allow":["GET"]}}],"collection":[{"href":"https:\/\/mar-cigars.com\/de\/wp-json\/wp\/v2\/pages"}],"about":[{"href":"https:\/\/mar-cigars.com\/de\/wp-json\/wp\/v2\/types\/page"}],"author":[{"embeddable":true,"href":"https:\/\/mar-cigars.com\/de\/wp-json\/wp\/v2\/users\/35"}],"replies":[{"embeddable":true,"href":"https:\/\/mar-cigars.com\/de\/wp-json\/wp\/v2\/comments?post=375"}],"version-history":[{"count":8,"href":"https:\/\/mar-cigars.com\/de\/wp-json\/wp\/v2\/pages\/375\/revisions"}],"predecessor-version":[{"id":929,"href":"https:\/\/mar-cigars.com\/de\/wp-json\/wp\/v2\/pages\/375\/revisions\/929"}],"wp:attachment":[{"href":"https:\/\/mar-cigars.com\/de\/wp-json\/wp\/v2\/media?parent=375"}],"curies":[{"name":"wp","href":"https:\/\/api.w.org\/{rel}","templated":true}]}}