{"id":429,"date":"2024-01-11T09:04:37","date_gmt":"2024-01-11T09:04:37","guid":{"rendered":"https:\/\/mar-cigars.com\/unser-team\/"},"modified":"2025-09-19T13:57:33","modified_gmt":"2025-09-19T13:57:33","slug":"unser-team","status":"publish","type":"page","link":"https:\/\/mar-cigars.com\/de\/unser-team\/","title":{"rendered":"Gr\u00fcnder"},"content":{"rendered":"\r\n<div  class=\"hero-block\" style=\"background: url('https:\/\/mar-cigars.com\/wp-content\/uploads\/2025\/09\/DSC_9635-scaled.jpg');\">\r\n    <div class=\"hero-block__container\">\r\n        <div class=\"hero-block__column\">\r\n                            <h1 class=\"hero-block__title\">Founders<\/h1>\r\n            \r\n                                <\/div>\r\n        <div class=\"hero-block__column\">\r\n            <a href=\"#\" class=\"hero-block__scroll-down\">Scroll down<\/a>\r\n        <\/div>\r\n    <\/div>\r\n<\/div>\r\n\r\n\n\n\r\n<div  class=\"team-members-block\">\r\n            <div class=\"team-members\">\r\n                            <div class=\"team-members__item member-item team-members__item--right\">\r\n\r\n                    <div class=\"member-item__column-image \">\r\n                        <img decoding=\"async\" class=\"member-item__column-image-img\"\r\n                             src=\"https:\/\/mar-cigars.com\/wp-content\/uploads\/2024\/01\/DSC_9649-4-scaled.jpg\"\r\n                             alt=\"Ralph Zumb\u00fchl\">\r\n                    <\/div>\r\n\r\n                    <div class=\"member-item__column-text\">\r\n                        <h2 class=\"member-item__column-text-title\">\r\n                          Ralph Zumb\u00fchl                        <\/h2>\r\n                        \r\n                                                    <div class=\"member-item__column-text-description\">\r\n                              <!-- wp:paragraph {\"translatedWithWPMLTM\":\"1\"} -->\n<p>Auch Ralph hat seine Wurzeln am Z\u00fcrichsee, wo er sein ganzes Leben lang gelebt hat. Beruflich ist Ralph der beste Zahnarzt der Stadt und f\u00fchrt mit einem Gesch\u00e4ftspartner eine eigene Praxis. In seiner Freizeit ist Ralph ein begeisterter Reiter, Sammler von alten Porsches und gen\u00fcsslicher Zigarrenraucher.<\/p>\n<!-- \/wp:paragraph -->                            <\/div>\r\n                        \r\n                        <div class=\"member-item__column-text-links\">\r\n                                                  <\/div>\r\n\r\n                    <\/div>\r\n\r\n                <\/div>\r\n                                            <div class=\"team-members__item member-item team-members__item--left\">\r\n\r\n                    <div class=\"member-item__column-image \">\r\n                        <img decoding=\"async\" class=\"member-item__column-image-img\"\r\n                             src=\"https:\/\/mar-cigars.com\/wp-content\/uploads\/2024\/01\/DSC_96751111-1-scaled.jpg\"\r\n                             alt=\"Alain Held\">\r\n                    <\/div>\r\n\r\n                    <div class=\"member-item__column-text\">\r\n                        <h2 class=\"member-item__column-text-title\">\r\n                          Alain Held                        <\/h2>\r\n                        \r\n                                                    <div class=\"member-item__column-text-description\">\r\n                              <!-- wp:paragraph {\"translatedWithWPMLTM\":\"1\"} -->\n<p>Der in der Schweiz geborene und in Vancouver, Kanada, aufgewachsene Alain hat sich auf einer Reise nach Costa Rica f\u00fcr Zigarren begeistert. Neben Zigarren genie\u00dft er auch gerne ein gutes Glas Rum oder Whiskey. Beruflich arbeitet er in einem internationalen Family Office und betreut Kunden aus der ganzen Welt. Zudem ist Alain tennisbegeistert.<\/p>\n<!-- \/wp:paragraph -->                            <\/div>\r\n                        \r\n                        <div class=\"member-item__column-text-links\">\r\n                                                  <\/div>\r\n\r\n                    <\/div>\r\n\r\n                <\/div>\r\n                                            <div class=\"team-members__item member-item team-members__item--right\">\r\n\r\n                    <div class=\"member-item__column-image \">\r\n                        <img decoding=\"async\" class=\"member-item__column-image-img\"\r\n                             src=\"https:\/\/mar-cigars.com\/wp-content\/uploads\/2024\/01\/DSC_9672.jpg\"\r\n                             alt=\"Marcel Christen\">\r\n                    <\/div>\r\n\r\n                    <div class=\"member-item__column-text\">\r\n                        <h2 class=\"member-item__column-text-title\">\r\n                          Marcel Christen                        <\/h2>\r\n                        \r\n                                                    <div class=\"member-item__column-text-description\">\r\n                              <!-- wp:paragraph {\"translatedWithWPMLTM\":\"1\"} -->\n<p>Marcel ist in Herrliberg am Z\u00fcrichsee geboren und aufgewachsen. Als Generaldirektor eines grossen Kieswerkes und Bauunternehmens in S\u00fcddeutschland und der Schweiz wurde er bald zum Zigarrenliebhaber und -kenner. In seiner Freizeit f\u00e4hrt Marcel leidenschaftlich gerne mit alten Sportwagen und mit dem Fahrrad.<\/p>\n<!-- \/wp:paragraph -->                            <\/div>\r\n                        \r\n                        <div class=\"member-item__column-text-links\">\r\n                                                  <\/div>\r\n\r\n                    <\/div>\r\n\r\n                <\/div>\r\n                                    <\/div>\r\n        <\/div>\r\n\n\n\r\n<div  class=\"simple-text-block\">\r\n    <div class=\"simple-text-block__container\">\r\n        <div class=\"simple-text-block__column title__column\">\r\n          \r\n                        <h3 class=\"simple-text-block__subtitle\">We all share one mission:<\/h3>\r\n                  <\/div>\r\n\r\n\r\n        <div class=\"simple-text-block__column description__column\">\r\n                        <div class=\"simple-text-block__description\">\r\n                  <img decoding=\"async\" src=\"https:\/\/mar-cigars.com\/wp-content\/themes\/cigaras\/assets\/img\/one-wave.svg\" alt=\"\">\r\n                <p><em>take your time to enjoy moments with the best cigars in the world accompanied by the best liquors<\/em><\/p>\n              <\/div>\r\n                  <\/div>\r\n    <\/div>\r\n<\/div>\r\n\r\n\n\n\r\n<div  class=\"gallery-block\">\r\n            <div class=\"gallery__container\">\r\n            <h2><\/h2>\r\n\r\n            <div class=\"gallery gallery__content\">\r\n                                <a href=\"#0\" class=\"gallery__item\" data-id=\"0\">\r\n                      <img decoding=\"async\" class=\"gallery__item-expand-icon\"\r\n                           src=\"https:\/\/mar-cigars.com\/wp-content\/themes\/cigaras\/assets\/img\/gallery-expand.svg\" alt=\"expand\"\/>\r\n                      <img decoding=\"async\" class=\"gallery__item-image\"\r\n                           src=\"https:\/\/mar-cigars.com\/wp-content\/uploads\/2025\/09\/DSC_9632-scaled.jpg\" alt=\"\"\/>\r\n                  <\/a>\r\n                  <div class=\"gallery__item-lightbox\" data-id=\"0\">\r\n                      <img decoding=\"async\" src=\"https:\/\/mar-cigars.com\/wp-content\/uploads\/2025\/09\/DSC_9632-scaled.jpg\" alt=\"\"\/>\r\n                  <\/div>\r\n                                  <a href=\"#1\" class=\"gallery__item\" data-id=\"1\">\r\n                      <img decoding=\"async\" class=\"gallery__item-expand-icon\"\r\n                           src=\"https:\/\/mar-cigars.com\/wp-content\/themes\/cigaras\/assets\/img\/gallery-expand.svg\" alt=\"expand\"\/>\r\n                      <img decoding=\"async\" class=\"gallery__item-image\"\r\n                           src=\"https:\/\/mar-cigars.com\/wp-content\/uploads\/2025\/09\/DSC_9642-scaled.jpg\" alt=\"\"\/>\r\n                  <\/a>\r\n                  <div class=\"gallery__item-lightbox\" data-id=\"1\">\r\n                      <img decoding=\"async\" src=\"https:\/\/mar-cigars.com\/wp-content\/uploads\/2025\/09\/DSC_9642-scaled.jpg\" alt=\"\"\/>\r\n                  <\/div>\r\n                                  <a href=\"#2\" class=\"gallery__item\" data-id=\"2\">\r\n                      <img decoding=\"async\" class=\"gallery__item-expand-icon\"\r\n                           src=\"https:\/\/mar-cigars.com\/wp-content\/themes\/cigaras\/assets\/img\/gallery-expand.svg\" alt=\"expand\"\/>\r\n                      <img decoding=\"async\" class=\"gallery__item-image\"\r\n                           src=\"https:\/\/mar-cigars.com\/wp-content\/uploads\/2025\/09\/3.jpg\" alt=\"\"\/>\r\n                  <\/a>\r\n                  <div class=\"gallery__item-lightbox\" data-id=\"2\">\r\n                      <img decoding=\"async\" src=\"https:\/\/mar-cigars.com\/wp-content\/uploads\/2025\/09\/3.jpg\" alt=\"\"\/>\r\n                  <\/div>\r\n                            <\/div>\r\n        <\/div>\r\n\r\n    <\/div>\r\n","protected":false},"excerpt":{"rendered":"","protected":false},"author":35,"featured_media":0,"parent":0,"menu_order":0,"comment_status":"closed","ping_status":"closed","template":"","meta":{"footnotes":""},"class_list":["post-429","page","type-page","status-publish","hentry"],"acf":[],"_links":{"self":[{"href":"https:\/\/mar-cigars.com\/de\/wp-json\/wp\/v2\/pages\/429","targetHints":{"allow":["GET"]}}],"collection":[{"href":"https:\/\/mar-cigars.com\/de\/wp-json\/wp\/v2\/pages"}],"about":[{"href":"https:\/\/mar-cigars.com\/de\/wp-json\/wp\/v2\/types\/page"}],"author":[{"embeddable":true,"href":"https:\/\/mar-cigars.com\/de\/wp-json\/wp\/v2\/users\/35"}],"replies":[{"embeddable":true,"href":"https:\/\/mar-cigars.com\/de\/wp-json\/wp\/v2\/comments?post=429"}],"version-history":[{"count":23,"href":"https:\/\/mar-cigars.com\/de\/wp-json\/wp\/v2\/pages\/429\/revisions"}],"predecessor-version":[{"id":1295,"href":"https:\/\/mar-cigars.com\/de\/wp-json\/wp\/v2\/pages\/429\/revisions\/1295"}],"wp:attachment":[{"href":"https:\/\/mar-cigars.com\/de\/wp-json\/wp\/v2\/media?parent=429"}],"curies":[{"name":"wp","href":"https:\/\/api.w.org\/{rel}","templated":true}]}}