{"id":434,"date":"2024-01-10T15:42:16","date_gmt":"2024-01-10T15:42:16","guid":{"rendered":"https:\/\/mar-cigars.com\/ueber-uns\/"},"modified":"2024-09-16T08:03:59","modified_gmt":"2024-09-16T08:03:59","slug":"ueber-uns","status":"publish","type":"page","link":"https:\/\/mar-cigars.com\/de\/ueber-uns\/","title":{"rendered":"\u00dcber uns"},"content":{"rendered":"\r\n<div  class=\"hero-block\" style=\"background: url('https:\/\/mar-cigars.com\/wp-content\/uploads\/2024\/03\/CoastLineBeachDrone.jpg');\">\r\n    <div class=\"hero-block__container\">\r\n        <div class=\"hero-block__column\">\r\n                            <h1 class=\"hero-block__title\">\u00dcber uns<\/h1>\r\n            \r\n                                <\/div>\r\n        <div class=\"hero-block__column\">\r\n            <a href=\"#\" class=\"hero-block__scroll-down\">Scroll down<\/a>\r\n        <\/div>\r\n    <\/div>\r\n<\/div>\r\n\r\n\n\n\r\n<div  class=\"text-and-media-block text-and-media-block--left\">\r\n<!--    <div class=\"text-and-media-column column--image\">-->\r\n\r\n                    <div class=\"text-and-media-block__image column--image\">\r\n                <img decoding=\"async\" src=\"https:\/\/mar-cigars.com\/wp-content\/uploads\/2024\/03\/Sunset2.jpg\" alt=\"\" \/>\r\n            <\/div>\r\n        \r\n<!--    <\/div>-->\r\n\r\n<!--    <div class=\"text-and-media-column column--description\">-->\r\n\r\n        <div class=\"text-and-media-block__content column--description\">\r\n            \r\n                            <div class=\"text-and-media-block__subtitle\">MAR wird in einer Fabrik mit mehr als 40 Jahren Erfahrung bei der Herstellung von handgefertigten Zigarren produziert.<\/div>\r\n            \r\n                            <div class=\"text-and-media-block__description\"><p><span style=\"font-weight: 400;\">Wir handhaben den gesamten Prozess des Tabaks von der Pflanzung bis zur Ernte als fertiges Produkt in unserem Betrieb in Filadelfia de Santa Cruz Guanacaste Costa Rica.\u00a0<\/span><\/p>\n<p><span style=\"font-weight: 400;\">Alles ist handgefertigt und wir verwenden nur die beste Tabaklblatt-Qualit\u00e4t, um die verschiedenen Zigarren zu produzieren, wie z.B.:<\/span><\/p>\n<p><span style=\"font-weight: 400;\">Espl\u00e9ndido, Churchil, Robusto, Pir\u00e1mide, Torpedo oder auch Corona.<\/span><\/p>\n<\/div>\r\n            \r\n                  <\/div>\r\n\r\n<!--    <\/div>-->\r\n\r\n<\/div>\r\n\r\n\n\n\r\n<div  class=\"slider-block\">\r\n\r\n            <div class=\"slides-block\">\r\n                            <div class=\"slide\" style=\"background: linear-gradient(0deg, rgba(38, 19, 8, 0.40) 0%, rgba(38, 19, 8, 0.40) 100%),\r\n                        url('https:\/\/mar-cigars.com\/wp-content\/uploads\/2024\/03\/88114acd-e097-4860-9fe1-0ead0806e766.jpg'), lightgray 50% \/ cover no-repeat\">\r\n                    <div class=\"slide__container\">\r\n                        <div class=\"slide__content\">\r\n                          \r\n                                                  <\/div>\r\n                    <\/div>\r\n                <\/div>\r\n                    <\/div>\r\n    <\/div>\r\n\r\n\n\n\r\n<div  class=\"text-and-media-block text-and-media-block--right\">\r\n<!--    <div class=\"text-and-media-column column--image\">-->\r\n\r\n                    <div class=\"text-and-media-block__image column--image\">\r\n                <img decoding=\"async\" src=\"https:\/\/mar-cigars.com\/wp-content\/uploads\/2024\/03\/MAR-AlRA.jpg\" alt=\"\" \/>\r\n            <\/div>\r\n        \r\n<!--    <\/div>-->\r\n\r\n<!--    <div class=\"text-and-media-column column--description\">-->\r\n\r\n        <div class=\"text-and-media-block__content column--description\">\r\n                            <div class=\"text-and-media-block__title\">Geschichte<\/div>\r\n            \r\n            \r\n                            <div class=\"text-and-media-block__description\"><p><span style=\"font-weight: 400;\">MAR wurde als eigenes Label 2022 lanciert als eine Idee der drei Zigarren Aficionados Marcel Christen, Alain Held und Ralph Zumb\u00fchl. Dabei ist die erste Probeproduktion eine reine Esplendido-Produktion aus den besten Tabakbl\u00e4ttern aus unserer Fabrik. \u00dcber Zeit sollen weitere Varianten produziert werden.<\/span><\/p>\n<\/div>\r\n            \r\n                        <a href=\"https:\/\/mar-cigars.com\/our-team\/\" class=\"text-and-media-block__button\">\r\n                Unser Team              <\/a>\r\n                  <\/div>\r\n\r\n<!--    <\/div>-->\r\n\r\n<\/div>\r\n\r\n\n\n\r\n<div  class=\"gallery-block\">\r\n            <div class=\"gallery__container\">\r\n            <h2><\/h2>\r\n\r\n            <div class=\"gallery gallery__content\">\r\n                                <a href=\"#0\" class=\"gallery__item\" data-id=\"0\">\r\n                      <img decoding=\"async\" class=\"gallery__item-expand-icon\"\r\n                           src=\"https:\/\/mar-cigars.com\/wp-content\/themes\/cigaras\/assets\/img\/gallery-expand.svg\" alt=\"expand\"\/>\r\n                      <img decoding=\"async\" class=\"gallery__item-image\"\r\n                           src=\"https:\/\/mar-cigars.com\/wp-content\/uploads\/2024\/03\/ZorAR-scaled.jpg\" alt=\"\"\/>\r\n                  <\/a>\r\n                  <div class=\"gallery__item-lightbox\" data-id=\"0\">\r\n                      <img decoding=\"async\" src=\"https:\/\/mar-cigars.com\/wp-content\/uploads\/2024\/03\/ZorAR-scaled.jpg\" alt=\"\"\/>\r\n                  <\/div>\r\n                                  <a href=\"#1\" class=\"gallery__item\" data-id=\"1\">\r\n                      <img decoding=\"async\" class=\"gallery__item-expand-icon\"\r\n                           src=\"https:\/\/mar-cigars.com\/wp-content\/themes\/cigaras\/assets\/img\/gallery-expand.svg\" alt=\"expand\"\/>\r\n                      <img decoding=\"async\" class=\"gallery__item-image\"\r\n                           src=\"https:\/\/mar-cigars.com\/wp-content\/uploads\/2024\/03\/IMG_6025-e1710166847395.jpg\" alt=\"\"\/>\r\n                  <\/a>\r\n                  <div class=\"gallery__item-lightbox\" data-id=\"1\">\r\n                      <img decoding=\"async\" src=\"https:\/\/mar-cigars.com\/wp-content\/uploads\/2024\/03\/IMG_6025-e1710166847395.jpg\" alt=\"\"\/>\r\n                  <\/div>\r\n                                  <a href=\"#2\" class=\"gallery__item\" data-id=\"2\">\r\n                      <img decoding=\"async\" class=\"gallery__item-expand-icon\"\r\n                           src=\"https:\/\/mar-cigars.com\/wp-content\/themes\/cigaras\/assets\/img\/gallery-expand.svg\" alt=\"expand\"\/>\r\n                      <img decoding=\"async\" class=\"gallery__item-image\"\r\n                           src=\"https:\/\/mar-cigars.com\/wp-content\/uploads\/2024\/03\/IMG_6026.jpg\" alt=\"\"\/>\r\n                  <\/a>\r\n                  <div class=\"gallery__item-lightbox\" data-id=\"2\">\r\n                      <img decoding=\"async\" src=\"https:\/\/mar-cigars.com\/wp-content\/uploads\/2024\/03\/IMG_6026.jpg\" alt=\"\"\/>\r\n                  <\/div>\r\n                                  <a href=\"#3\" class=\"gallery__item\" data-id=\"3\">\r\n                      <img decoding=\"async\" class=\"gallery__item-expand-icon\"\r\n                           src=\"https:\/\/mar-cigars.com\/wp-content\/themes\/cigaras\/assets\/img\/gallery-expand.svg\" alt=\"expand\"\/>\r\n                      <img decoding=\"async\" class=\"gallery__item-image\"\r\n                           src=\"https:\/\/mar-cigars.com\/wp-content\/uploads\/2024\/03\/IMG_6028.jpg\" alt=\"\"\/>\r\n                  <\/a>\r\n                  <div class=\"gallery__item-lightbox\" data-id=\"3\">\r\n                      <img decoding=\"async\" src=\"https:\/\/mar-cigars.com\/wp-content\/uploads\/2024\/03\/IMG_6028.jpg\" alt=\"\"\/>\r\n                  <\/div>\r\n                                  <a href=\"#4\" class=\"gallery__item\" data-id=\"4\">\r\n                      <img decoding=\"async\" class=\"gallery__item-expand-icon\"\r\n                           src=\"https:\/\/mar-cigars.com\/wp-content\/themes\/cigaras\/assets\/img\/gallery-expand.svg\" alt=\"expand\"\/>\r\n                      <img decoding=\"async\" class=\"gallery__item-image\"\r\n                           src=\"https:\/\/mar-cigars.com\/wp-content\/uploads\/2024\/09\/photo_2024-09-16-11.00.30.jpeg\" alt=\"\"\/>\r\n                  <\/a>\r\n                  <div class=\"gallery__item-lightbox\" data-id=\"4\">\r\n                      <img decoding=\"async\" src=\"https:\/\/mar-cigars.com\/wp-content\/uploads\/2024\/09\/photo_2024-09-16-11.00.30.jpeg\" alt=\"\"\/>\r\n                  <\/div>\r\n                                  <a href=\"#5\" class=\"gallery__item\" data-id=\"5\">\r\n                      <img decoding=\"async\" class=\"gallery__item-expand-icon\"\r\n                           src=\"https:\/\/mar-cigars.com\/wp-content\/themes\/cigaras\/assets\/img\/gallery-expand.svg\" alt=\"expand\"\/>\r\n                      <img decoding=\"async\" class=\"gallery__item-image\"\r\n                           src=\"https:\/\/mar-cigars.com\/wp-content\/uploads\/2024\/03\/IMG_6027.jpg\" alt=\"\"\/>\r\n                  <\/a>\r\n                  <div class=\"gallery__item-lightbox\" data-id=\"5\">\r\n                      <img decoding=\"async\" src=\"https:\/\/mar-cigars.com\/wp-content\/uploads\/2024\/03\/IMG_6027.jpg\" alt=\"\"\/>\r\n                  <\/div>\r\n                                  <a href=\"#6\" class=\"gallery__item\" data-id=\"6\">\r\n                      <img decoding=\"async\" class=\"gallery__item-expand-icon\"\r\n                           src=\"https:\/\/mar-cigars.com\/wp-content\/themes\/cigaras\/assets\/img\/gallery-expand.svg\" alt=\"expand\"\/>\r\n                      <img decoding=\"async\" class=\"gallery__item-image\"\r\n                           src=\"https:\/\/mar-cigars.com\/wp-content\/uploads\/2024\/03\/IMG_6031.jpg\" alt=\"\"\/>\r\n                  <\/a>\r\n                  <div class=\"gallery__item-lightbox\" data-id=\"6\">\r\n                      <img decoding=\"async\" src=\"https:\/\/mar-cigars.com\/wp-content\/uploads\/2024\/03\/IMG_6031.jpg\" alt=\"\"\/>\r\n                  <\/div>\r\n                            <\/div>\r\n        <\/div>\r\n\r\n    <\/div>\r\n\n\n\r\n<div  class=\"section-heading-block\">\r\n    <div class=\"section-heading-block__container\">\r\n        <div class=\"section-heading-block__column\">\r\n                            <h2 class=\"section-heading-block__title\">Auswahl<\/h2>\r\n                    <\/div>\r\n        <div class=\"section-heading-block__column\">\r\n            <img decoding=\"async\" src=\"https:\/\/mar-cigars.com\/wp-content\/themes\/cigaras\/assets\/img\/one-wave.svg\" alt=\"\">\r\n                            <div class=\"section-heading-block__description\"><p><span style=\"font-weight: 400;\">Derzeit produzieren wir MAR Esplendidos und verkaufen sie in selbst hergestellten, edlen Holzkisten zu 20 St\u00fcck an ausgew\u00e4hlte Connaisseurs. Wir planen, unser Angebot und unsere Auswahl schnell auf verschiedene Gr\u00f6\u00dfen und Tabakstile zu erweitern, je nach den W\u00fcnschen unserer Kunden.<\/span><\/p>\n<\/div>\r\n                    <\/div>\r\n    <\/div>\r\n<\/div>\r\n\r\n\n\n\r\n<div  class=\"cta-block\">\r\n    <div class=\"cta-block__container\">\r\n        <div class=\"cta-block__column\">\r\n\r\n                            <h3 class=\"cta-block__title\">Mit Leidenschaft hergestellt, mit Prestige genossen<\/h3>\r\n            \r\n                            <div class=\"cta-block__description\"><p>Tauchen Sie ein in unsere Geschichte von Tradition und Exzellenz. Gegr\u00fcndet auf einer Tradition sorgf\u00e4ltiger Handwerkskunst und einer Liebe f\u00fcr die feinen Dinge des Lebens, bringen wir Ihnen Zigarren, die mehr als nur Rauch sind &#8211; sie sind eine Feier der gro\u00dfen Momente des Lebens.<\/p>\n<\/div>\r\n            \r\n        <\/div>\r\n\r\n        <div class=\"cta-block__column\">\r\n                            <a href=\"https:\/\/mar-cigars.com\/shop\/\" class=\"cta-block__button\">Erkunden Sie<\/a>\r\n                    <\/div>\r\n    <\/div>\r\n\r\n\r\n<\/div>\r\n\r\n","protected":false},"excerpt":{"rendered":"","protected":false},"author":35,"featured_media":0,"parent":0,"menu_order":0,"comment_status":"closed","ping_status":"closed","template":"","meta":{"footnotes":""},"class_list":["post-434","page","type-page","status-publish","hentry"],"acf":[],"_links":{"self":[{"href":"https:\/\/mar-cigars.com\/de\/wp-json\/wp\/v2\/pages\/434","targetHints":{"allow":["GET"]}}],"collection":[{"href":"https:\/\/mar-cigars.com\/de\/wp-json\/wp\/v2\/pages"}],"about":[{"href":"https:\/\/mar-cigars.com\/de\/wp-json\/wp\/v2\/types\/page"}],"author":[{"embeddable":true,"href":"https:\/\/mar-cigars.com\/de\/wp-json\/wp\/v2\/users\/35"}],"replies":[{"embeddable":true,"href":"https:\/\/mar-cigars.com\/de\/wp-json\/wp\/v2\/comments?post=434"}],"version-history":[{"count":29,"href":"https:\/\/mar-cigars.com\/de\/wp-json\/wp\/v2\/pages\/434\/revisions"}],"predecessor-version":[{"id":1221,"href":"https:\/\/mar-cigars.com\/de\/wp-json\/wp\/v2\/pages\/434\/revisions\/1221"}],"wp:attachment":[{"href":"https:\/\/mar-cigars.com\/de\/wp-json\/wp\/v2\/media?parent=434"}],"curies":[{"name":"wp","href":"https:\/\/api.w.org\/{rel}","templated":true}]}}