{"id":452,"date":"2024-01-16T08:26:59","date_gmt":"2024-01-16T08:26:59","guid":{"rendered":"https:\/\/mar-cigars.com\/homepage\/"},"modified":"2024-03-26T14:52:12","modified_gmt":"2024-03-26T14:52:12","slug":"homepage","status":"publish","type":"page","link":"https:\/\/mar-cigars.com\/de\/","title":{"rendered":"Homepage"},"content":{"rendered":"\r\n<div  class=\"hero-block\" style=\"background: url('https:\/\/mar-cigars.com\/wp-content\/uploads\/2024\/03\/MAR.jpg');\">\r\n    <div class=\"hero-block__container\">\r\n        <div class=\"hero-block__column\">\r\n                            <h1 class=\"hero-block__title\">MAR Cigars<\/h1>\r\n            \r\n                            <div class=\"hero-block__description\"><p><strong>Premium-Zigarren aus Costa Rica<\/strong><\/p>\n<\/div>\r\n                                <\/div>\r\n        <div class=\"hero-block__column\">\r\n            <a href=\"#\" class=\"hero-block__scroll-down\">Scroll down<\/a>\r\n        <\/div>\r\n    <\/div>\r\n<\/div>\r\n\r\n\n\n\r\n<div  class=\"text-and-media-block text-and-media-block--left\">\r\n<!--    <div class=\"text-and-media-column column--image\">-->\r\n\r\n                    <div class=\"text-and-media-block__image column--image\">\r\n                <img decoding=\"async\" src=\"https:\/\/mar-cigars.com\/wp-content\/uploads\/2024\/03\/MAR-Sunshine-\u043a\u043e\u043f\u0438\u044f-e1710162634225.jpg\" alt=\"\" \/>\r\n            <\/div>\r\n        \r\n<!--    <\/div>-->\r\n\r\n<!--    <div class=\"text-and-media-column column--description\">-->\r\n\r\n        <div class=\"text-and-media-block__content column--description\">\r\n                            <div class=\"text-and-media-block__title\">Unsere Signatur-Kollektion<\/div>\r\n            \r\n            \r\n                            <div class=\"text-and-media-block__description\"><p>Treten Sie mit unseren f\u00fcnf exklusiven Zigarrentypen in ein Reich der besonderen Aromen ein. Von der kr\u00e4ftigen Intensit\u00e4t einer Full-Bodied-Mischung bis hin zu den subtilen Nuancen einer Light-Aroma, verspricht jede Auswahl eine einzigartige Reise. Finden Sie Ihre perfekte Mischung und begeben Sie sich auf eine unvergleichliche sensorische Entdeckungsreise.<\/p>\n<\/div>\r\n            \r\n                        <a href=\"https:\/\/mar-cigars.com\/shop\/\" class=\"text-and-media-block__button\">\r\n                Entdecken Sie Ihre Mischung              <\/a>\r\n                  <\/div>\r\n\r\n<!--    <\/div>-->\r\n\r\n<\/div>\r\n\r\n\n\n\r\n<div  class=\"text-and-media-block text-and-media-block--right\">\r\n<!--    <div class=\"text-and-media-column column--image\">-->\r\n\r\n                    <div class=\"text-and-media-block__image column--image\">\r\n                <img decoding=\"async\" src=\"https:\/\/mar-cigars.com\/wp-content\/uploads\/2024\/03\/Sloath-2-scaled.jpg\" alt=\"\" \/>\r\n            <\/div>\r\n        \r\n<!--    <\/div>-->\r\n\r\n<!--    <div class=\"text-and-media-column column--description\">-->\r\n\r\n        <div class=\"text-and-media-block__content column--description\">\r\n            \r\n                            <div class=\"text-and-media-block__subtitle\">MAR Zigarren ist ein Familienbetrieb, der in Costa Rica ans\u00e4ssig ist und sich auf die Herstellung hochwertiger, handgerollter Zigarren spezialisiert hat. <\/div>\r\n            \r\n                            <div class=\"text-and-media-block__description\"><p>Das Unternehmen betreibt eine eigene Plantage, auf der die Tabakpflanzen unter strengen \u00f6kologischen Standards angebaut werden, was es ihnen erm\u00f6glicht, Bio-zertifizierte Produkte herzustellen.<\/p>\n<\/div>\r\n            \r\n                  <\/div>\r\n\r\n<!--    <\/div>-->\r\n\r\n<\/div>\r\n\r\n\n\n\r\n<div  class=\"text-and-media-block text-and-media-block--left\">\r\n<!--    <div class=\"text-and-media-column column--image\">-->\r\n\r\n                    <div class=\"text-and-media-block__image column--image\">\r\n                <img decoding=\"async\" src=\"https:\/\/mar-cigars.com\/wp-content\/uploads\/2024\/03\/IMG_6025-e1710166847395.jpg\" alt=\"\" \/>\r\n            <\/div>\r\n        \r\n<!--    <\/div>-->\r\n\r\n<!--    <div class=\"text-and-media-column column--description\">-->\r\n\r\n        <div class=\"text-and-media-block__content column--description\">\r\n            \r\n                            <div class=\"text-and-media-block__subtitle\">Die Plantage von MAR Zigarren befindet sich in den fruchtbaren T\u00e4lern Costa Ricas, wo das einzigartige Klima und die Bodenbeschaffenheit optimale Bedingungen f\u00fcr den Tabakanbau bieten.<\/div>\r\n            \r\n                            <div class=\"text-and-media-block__description\"><p>Durch die sorgf\u00e4ltige Auswahl von Samen, die Anwendung traditioneller Anbaumethoden und den Verzicht auf den Einsatz von Chemikalien kann das Unternehmen Tabak von h\u00f6chster Qualit\u00e4t ernten.<\/p>\n<p>Die Zigarren von MAR werden von erfahrenen Rollern von Hand gefertigt, wobei jede Zigarre eine Kombination aus erstklassigem Tabak und dem handwerklichen K\u00f6nnen der Mitarbeiter darstellt. Dieser Prozess gew\u00e4hrleistet eine gleichbleibend hohe Qualit\u00e4t und einzigartigen Geschmack in jeder Zigarre.<\/p>\n<\/div>\r\n            \r\n                  <\/div>\r\n\r\n<!--    <\/div>-->\r\n\r\n<\/div>\r\n\r\n\n\n\r\n<div  class=\"section-heading-block\">\r\n    <div class=\"section-heading-block__container\">\r\n        <div class=\"section-heading-block__column\">\r\n                            <h2 class=\"section-heading-block__title\">MAR<\/h2>\r\n                    <\/div>\r\n        <div class=\"section-heading-block__column\">\r\n            <img decoding=\"async\" src=\"https:\/\/mar-cigars.com\/wp-content\/themes\/cigaras\/assets\/img\/one-wave.svg\" alt=\"\">\r\n                            <div class=\"section-heading-block__description\"><p>Durch ihre Bio-Zertifizierung und ihre Verpflichtung zur Nachhaltigkeit setzt MAR Zigarren ein Zeichen f\u00fcr Umweltschutz und Qualit\u00e4t. Die Kombination aus traditionellen Herstellungsmethoden, \u00f6kologischem Anbau und famili\u00e4rer Unternehmensf\u00fchrung macht MAR Zigarren zu einer gesch\u00e4tzten Marke f\u00fcr Zigarrenliebhaber weltweit.<\/p>\n<\/div>\r\n                    <\/div>\r\n    <\/div>\r\n<\/div>\r\n\r\n\n\n\r\n<div  class=\"video-block\">\r\n    <div class=\"video-block__wrapper\">\r\n                    <div class=\"video-block__video-container\">\r\n                <video src=\"https:\/\/mar-cigars.com\/wp-content\/uploads\/2024\/03\/homepage-video.mp4\" class=\"video-block__video\" id=\"video-block__video\" poster=\"https:\/\/mar-cigars.com\/wp-content\/uploads\/2024\/03\/CoastlineDrone-1-e1711109912550.jpg\" controls><\/video>\r\n                <a href=\"#\" class=\"play-video-button\" id=\"video-button\" style=\"display: none;\">\r\n                    Play video\r\n                <\/a>\r\n                <div class=\"video-block__video-wrapper\" id=\"video-button-wrapper\">\r\n                                            <div class=\"video-block__text\">\r\n                            <img decoding=\"async\" src=\"https:\/\/mar-cigars.com\/wp-content\/themes\/cigaras\/assets\/img\/long-wave.svg\" alt=\"\">\r\n                          <p>\r\n                        MAR Cigars &#8211; Premium-Zigarren aus Costa Rica &#8211; ein Genuss, aus erster Hand, handgefertigt                          <\/p>\r\n                        <\/div>\r\n                                    <\/div>\r\n                <div class=\"video-block__poster-play\"><\/div>\r\n                <div class=\"video-block__poster video-poster\"><img decoding=\"async\" src=\"https:\/\/mar-cigars.com\/wp-content\/uploads\/2024\/03\/CoastlineDrone-1-e1711109912550.jpg\" alt=\"\"><\/div>\r\n            <\/div>\r\n            <\/div>\r\n<\/div>\r\n\n\n\r\n<div  class=\"cta-block\">\r\n    <div class=\"cta-block__container\">\r\n        <div class=\"cta-block__column\">\r\n\r\n                            <h3 class=\"cta-block__title\">Erh\u00f6hen Sie Ihre Momente<\/h3>\r\n            \r\n                            <div class=\"cta-block__description\"><p>Entdecken Sie die besten Zigarren der Welt, die f\u00fcr den Kenner in Ihnen ausgew\u00e4hlt wurden. Lassen Sie sich von unserer erstklassigen Auswahl verw\u00f6hnen und machen Sie jeden Anlass unvergesslich. Kosten Sie die Tradition, genie\u00dfen Sie die Handwerkskunst.<\/p>\n<\/div>\r\n            \r\n        <\/div>\r\n\r\n        <div class=\"cta-block__column\">\r\n                            <a href=\"https:\/\/mar-cigars.com\/shop\/\" class=\"cta-block__button\">Jetzt erforschen<\/a>\r\n                    <\/div>\r\n    <\/div>\r\n\r\n\r\n<\/div>\r\n\r\n","protected":false},"excerpt":{"rendered":"","protected":false},"author":35,"featured_media":0,"parent":0,"menu_order":0,"comment_status":"closed","ping_status":"closed","template":"","meta":{"footnotes":""},"class_list":["post-452","page","type-page","status-publish","hentry"],"acf":[],"_links":{"self":[{"href":"https:\/\/mar-cigars.com\/de\/wp-json\/wp\/v2\/pages\/452","targetHints":{"allow":["GET"]}}],"collection":[{"href":"https:\/\/mar-cigars.com\/de\/wp-json\/wp\/v2\/pages"}],"about":[{"href":"https:\/\/mar-cigars.com\/de\/wp-json\/wp\/v2\/types\/page"}],"author":[{"embeddable":true,"href":"https:\/\/mar-cigars.com\/de\/wp-json\/wp\/v2\/users\/35"}],"replies":[{"embeddable":true,"href":"https:\/\/mar-cigars.com\/de\/wp-json\/wp\/v2\/comments?post=452"}],"version-history":[{"count":24,"href":"https:\/\/mar-cigars.com\/de\/wp-json\/wp\/v2\/pages\/452\/revisions"}],"predecessor-version":[{"id":934,"href":"https:\/\/mar-cigars.com\/de\/wp-json\/wp\/v2\/pages\/452\/revisions\/934"}],"wp:attachment":[{"href":"https:\/\/mar-cigars.com\/de\/wp-json\/wp\/v2\/media?parent=452"}],"curies":[{"name":"wp","href":"https:\/\/api.w.org\/{rel}","templated":true}]}}