{"id":942,"date":"2024-01-02T11:31:07","date_gmt":"2024-01-02T11:31:07","guid":{"rendered":"https:\/\/mar-cigars.com\/shop-2\/"},"modified":"2024-05-02T10:47:42","modified_gmt":"2024-05-02T10:47:42","slug":"shop-de","status":"publish","type":"page","link":"https:\/\/mar-cigars.com\/de\/shop-de\/","title":{"rendered":"PRODUKTE"},"content":{"rendered":"\r\n<div  class=\"hero-block\" style=\"background: url('https:\/\/mar-cigars.com\/wp-content\/uploads\/2024\/03\/737072e1-1798-4b6a-b84c-4a552621e933-e1710332295834.jpg');\">\r\n    <div class=\"hero-block__container\">\r\n        <div class=\"hero-block__column\">\r\n                            <h1 class=\"hero-block__title\">Premium Zigarren aus Costa Rica<\/h1>\r\n            \r\n                                <\/div>\r\n        <div class=\"hero-block__column\">\r\n            <a href=\"#\" class=\"hero-block__scroll-down\">Scroll down<\/a>\r\n        <\/div>\r\n    <\/div>\r\n<\/div>\r\n\r\n\n\n\r\n<div  class=\"product-cards-block\">\r\n            <div class=\"products\">\r\n                            <div class=\"product-card\">\r\n                    <div class=\"product-card__column\">\r\n                        \r\n                                                    <img decoding=\"async\" src=\"https:\/\/mar-cigars.com\/wp-content\/uploads\/2024\/03\/3Esplendidos.jpg\" alt=\"Esplendidos\">\r\n                                            <\/div>\r\n                    <div class=\"product-card__column column--description\">\r\n                        <h2 class=\"column--description-title\"><a\r\n                                    href=\"https:\/\/mar-cigars.com\/de\/product\/esplendidos\/\">Esplendidos<\/a>\r\n                        <\/h2>\r\n                                                                            <div class=\"column--description-description\"><p>Unsere charakteristische Zigarre, gro\u00dfartiger Rauch und sch\u00f6ne Repr\u00e4sentation.<\/p>\n<div class=\"page\" title=\"Seite 1\">\n<div class=\"section\">\n<div class=\"layoutArea\">\n<div class=\"column\"><\/div>\n<\/div>\n<\/div>\n<\/div>\n<\/div>\r\n                                                <a class=\"column--description-button\" href=\"https:\/\/mar-cigars.com\/de\/product\/esplendidos\/\">Read more<\/a>\r\n                    <\/div>\r\n                <\/div>\r\n                                            <div class=\"product-card\">\r\n                    <div class=\"product-card__column\">\r\n                        \r\n                                                    <img decoding=\"async\" src=\"https:\/\/mar-cigars.com\/wp-content\/uploads\/2024\/03\/3Robustos.jpg\" alt=\"Robustos\">\r\n                                            <\/div>\r\n                    <div class=\"product-card__column column--description\">\r\n                        <h2 class=\"column--description-title\"><a\r\n                                    href=\"https:\/\/mar-cigars.com\/de\/product\/robustos\/\">Robustos<\/a>\r\n                        <\/h2>\r\n                                                                            <div class=\"column--description-description\"><p>Der Klassiker f\u00fcr einen tollen l\u00e4ssigen Rauchgenuss, leichter Geschmack, tolle Textur und w\u00fcrzig-nussiger Geschmack.<\/p>\n<\/div>\r\n                                                <a class=\"column--description-button\" href=\"https:\/\/mar-cigars.com\/de\/product\/robustos\/\">Read more<\/a>\r\n                    <\/div>\r\n                <\/div>\r\n                                            <div class=\"product-card\">\r\n                    <div class=\"product-card__column\">\r\n                        \r\n                                                    <img decoding=\"async\" src=\"https:\/\/mar-cigars.com\/wp-content\/uploads\/2024\/03\/3Piramides.jpg\" alt=\"Piramides\">\r\n                                            <\/div>\r\n                    <div class=\"product-card__column column--description\">\r\n                        <h2 class=\"column--description-title\"><a\r\n                                    href=\"https:\/\/mar-cigars.com\/de\/product\/piramiden\/\">Piramides<\/a>\r\n                        <\/h2>\r\n                                                                            <div class=\"column--description-description\"><p>Eine typische Piramides &#8211; f\u00fcr einen tollen l\u00e4ssigen Rauchgenuss, leichter Geschmack, tolle Textur und w\u00fcrzig-nussiger Geschmack.<\/p>\n<\/div>\r\n                                                <a class=\"column--description-button\" href=\"https:\/\/mar-cigars.com\/de\/product\/piramiden\/\">Read more<\/a>\r\n                    <\/div>\r\n                <\/div>\r\n                                            <div class=\"product-card\">\r\n                    <div class=\"product-card__column\">\r\n                        \r\n                                                    <img decoding=\"async\" src=\"https:\/\/mar-cigars.com\/wp-content\/uploads\/2024\/03\/3Canonazon.jpg\" alt=\"Canonazos\">\r\n                                            <\/div>\r\n                    <div class=\"product-card__column column--description\">\r\n                        <h2 class=\"column--description-title\"><a\r\n                                    href=\"https:\/\/mar-cigars.com\/de\/product\/canonazos\/\">Canonazos<\/a>\r\n                        <\/h2>\r\n                                                                            <div class=\"column--description-description\"><p>F\u00fcr einen gro\u00dfartigen l\u00e4ssigen Rauchgenuss, leichter Geschmack, tolle Textur und w\u00fcrzig-nussiger Geschmack.<\/p>\n<\/div>\r\n                                                <a class=\"column--description-button\" href=\"https:\/\/mar-cigars.com\/de\/product\/canonazos\/\">Read more<\/a>\r\n                    <\/div>\r\n                <\/div>\r\n                                            <div class=\"product-card\">\r\n                    <div class=\"product-card__column\">\r\n                        \r\n                                                    <img decoding=\"async\" src=\"https:\/\/mar-cigars.com\/wp-content\/uploads\/2024\/03\/3Marevas.jpg\" alt=\"Marevas\">\r\n                                            <\/div>\r\n                    <div class=\"product-card__column column--description\">\r\n                        <h2 class=\"column--description-title\"><a\r\n                                    href=\"https:\/\/mar-cigars.com\/de\/product\/marevas\/\">Marevas<\/a>\r\n                        <\/h2>\r\n                                                                            <div class=\"column--description-description\"><p>F\u00fcr einen gro\u00dfartigen l\u00e4ssigen Rauch, leichter Geschmack, tolle Textur und w\u00fcrzig-nussiger Geschmack.<\/p>\n<\/div>\r\n                                                <a class=\"column--description-button\" href=\"https:\/\/mar-cigars.com\/de\/product\/marevas\/\">Read more<\/a>\r\n                    <\/div>\r\n                <\/div>\r\n                                    <\/div>\r\n        <\/div>\r\n\r\n\r\n","protected":false},"excerpt":{"rendered":"","protected":false},"author":35,"featured_media":0,"parent":0,"menu_order":0,"comment_status":"closed","ping_status":"closed","template":"","meta":{"footnotes":""},"class_list":["post-942","page","type-page","status-publish","hentry"],"acf":[],"_links":{"self":[{"href":"https:\/\/mar-cigars.com\/de\/wp-json\/wp\/v2\/pages\/942","targetHints":{"allow":["GET"]}}],"collection":[{"href":"https:\/\/mar-cigars.com\/de\/wp-json\/wp\/v2\/pages"}],"about":[{"href":"https:\/\/mar-cigars.com\/de\/wp-json\/wp\/v2\/types\/page"}],"author":[{"embeddable":true,"href":"https:\/\/mar-cigars.com\/de\/wp-json\/wp\/v2\/users\/35"}],"replies":[{"embeddable":true,"href":"https:\/\/mar-cigars.com\/de\/wp-json\/wp\/v2\/comments?post=942"}],"version-history":[{"count":6,"href":"https:\/\/mar-cigars.com\/de\/wp-json\/wp\/v2\/pages\/942\/revisions"}],"predecessor-version":[{"id":1093,"href":"https:\/\/mar-cigars.com\/de\/wp-json\/wp\/v2\/pages\/942\/revisions\/1093"}],"wp:attachment":[{"href":"https:\/\/mar-cigars.com\/de\/wp-json\/wp\/v2\/media?parent=942"}],"curies":[{"name":"wp","href":"https:\/\/api.w.org\/{rel}","templated":true}]}}