{"id":1104,"date":"2024-03-07T11:37:52","date_gmt":"2024-03-07T11:37:52","guid":{"rendered":"https:\/\/mar-cigars.com\/product\/robustos\/"},"modified":"2025-09-19T13:27:44","modified_gmt":"2025-09-19T13:27:44","slug":"robustos","status":"publish","type":"product","link":"https:\/\/mar-cigars.com\/de\/product\/robustos\/","title":{"rendered":"Robustos"},"content":{"rendered":"\r\n<div  class=\"simple-text-block\">\r\n    <div class=\"simple-text-block__container\">\r\n        <div class=\"simple-text-block__column title__column\">\r\n                        <h2 class=\"simple-text-block__title\">LOOK<\/h2>\r\n          \r\n                  <\/div>\r\n\r\n\r\n        <div class=\"simple-text-block__column description__column\">\r\n                        <div class=\"simple-text-block__description\">\r\n                  <img decoding=\"async\" src=\"https:\/\/mar-cigars.com\/wp-content\/themes\/cigaras\/assets\/img\/one-wave.svg\" alt=\"\">\r\n                <div class=\"page\" title=\"Page 1\">\n<div class=\"section\">\n<div class=\"layoutArea\">\n<div class=\"column\">\n<p>Der Klassiker f\u00fcr einen l\u00e4ssigen Rauchgenuss, leichter Geschmack, tolle Textur und w\u00fcrzig-nussiger Geschmack.<\/p>\n<\/div>\n<\/div>\n<\/div>\n<\/div>\n              <\/div>\r\n                  <\/div>\r\n    <\/div>\r\n<\/div>\r\n\r\n\n\n\r\n<div  class=\"simple-text-block\">\r\n    <div class=\"simple-text-block__container\">\r\n        <div class=\"simple-text-block__column title__column\">\r\n                        <h2 class=\"simple-text-block__title\">URSPRUNG<\/h2>\r\n          \r\n                  <\/div>\r\n\r\n\r\n        <div class=\"simple-text-block__column description__column\">\r\n                        <div class=\"simple-text-block__description\">\r\n                  <img decoding=\"async\" src=\"https:\/\/mar-cigars.com\/wp-content\/themes\/cigaras\/assets\/img\/one-wave.svg\" alt=\"\">\r\n                <div class=\"page\" title=\"Page 1\">\n<div class=\"section\">\n<div class=\"layoutArea\">\n<div class=\"column\">\n<p>Hergestellt aus den besten Pflanzen von Familienplantagen in Costa Rica und Nicaragua, alles handgemacht.<\/p>\n<\/div>\n<\/div>\n<\/div>\n<\/div>\n              <\/div>\r\n                  <\/div>\r\n    <\/div>\r\n<\/div>\r\n\r\n\n\n\r\n<div  class=\"infographics-block\">\r\n    <div class=\"infographics-block__container\">\r\n        <div class=\"infographics-block__column\">\r\n            <div class=\"infographics-block__media\">\r\n                <div class=\"infographics-block__media-column\">\r\n                                            <div class=\"infographics-block__media-characteristic characteristic-height\">125 mm<\/div>\r\n                                                                <img decoding=\"async\" src=\"https:\/\/mar-cigars.com\/wp-content\/uploads\/2024\/03\/Robustos-e1721817568105.png\" alt=\"\">\r\n                                                                <div class=\"infographics-block__media-characteristic characteristic-diameter\">\r\n                            <img decoding=\"async\" src=\"https:\/\/mar-cigars.com\/wp-content\/themes\/cigaras\/assets\/img\/icons\/diameter-arrow.svg\" alt=\"\">\r\n                            <span>\u00f8  17 mm<\/span>\r\n                        <\/div>\r\n                                    <\/div>\r\n                <div class=\"infographics-block__media-column\">\r\n\r\n                                            <img decoding=\"async\" src=\"https:\/\/mar-cigars.com\/wp-content\/uploads\/2024\/03\/Ruler2.png\" alt=\"\">\r\n                                    <\/div>\r\n            <\/div>\r\n        <\/div>\r\n        <div class=\"infographics-block__column\">\r\n            <div class=\"infographics-block__info\">\r\n                            <div class=\"infographics-block__text-block-with-points\">\r\n                    <div class=\"infographics-block__text-block-with-points-content\">\r\n                        <div class=\"page\" title=\"Page 1\">\n<div class=\"section\">\n<div class=\"layoutArea\">\n<div class=\"column\"><\/div>\n<\/div>\n<\/div>\n<\/div>\n<p class=\"p1\"><strong>FLAVORS<\/strong><\/p>\n<ul>\n<li class=\"p1\">Zitrus Leder<\/li>\n<li class=\"p1\">Lakritze erdig<\/li>\n<li class=\"p1\">Bittermandel<\/li>\n<li class=\"p1\">Pfeffer Eichenholz Mineralien<\/li>\n<\/ul>\n                    <\/div>\r\n                <\/div>\r\n            \r\n                            <div class=\"infographics-block__block-with-a-digital-value\">\r\n                    <h5 class=\"infographics-block__title infographics-block__block-with-a-digital-value-title\">\r\n                        RAUCHDAUER in Minuten                    <\/h5>\r\n                    <div class=\"infographics-block__block-with-a-digital-value-number\">\r\n                        045                    <\/div>\r\n                <\/div>\r\n                        <\/div>\r\n            <div class=\"infographics-block__block-graphics\">\r\n                                <div>\r\n                                                    <h5 class=\"infographics-block__title infographics-block__graphic-title\">\r\n                                ST\u00c4RKE                            <\/h5>\r\n                                                \r\n                                    <svg xmlns=\"http:\/\/www.w3.org\/2000\/svg\" width=\"15\"\r\n                                         height=\"20\" viewBox=\"0 0 15 50\" fill=\"none\">\r\n                                        <path fill-rule=\"evenodd\" clip-rule=\"evenodd\"\r\n                                              d=\"M-2.18556e-06 50L0 -6.55668e-07L15 0L15 50L-2.18556e-06 50Z\"\r\n                                              fill=\"#3AB0E8\"\/>\r\n                                    <\/svg>\r\n                                \r\n                                    <svg xmlns=\"http:\/\/www.w3.org\/2000\/svg\" width=\"15\"\r\n                                         height=\"25\" viewBox=\"0 0 15 50\" fill=\"none\">\r\n                                        <path fill-rule=\"evenodd\" clip-rule=\"evenodd\"\r\n                                              d=\"M-2.18556e-06 50L0 -6.55668e-07L15 0L15 50L-2.18556e-06 50Z\"\r\n                                              fill=\"#3AB0E8\"\/>\r\n                                    <\/svg>\r\n                                \r\n                                    <svg xmlns=\"http:\/\/www.w3.org\/2000\/svg\" width=\"15\"\r\n                                         height=\"30\" viewBox=\"0 0 15 50\" fill=\"none\">\r\n                                        <path fill-rule=\"evenodd\" clip-rule=\"evenodd\"\r\n                                              d=\"M-2.18556e-06 50L0 -6.55668e-07L15 0L15 50L-2.18556e-06 50Z\"\r\n                                              fill=\"#3AB0E8\"\/>\r\n                                    <\/svg>\r\n                                \r\n                                    <svg xmlns=\"http:\/\/www.w3.org\/2000\/svg\" width=\"15\"\r\n                                         height=\"35\" viewBox=\"0 0 15 50\" fill=\"none\">\r\n                                        <path fill-rule=\"evenodd\" clip-rule=\"evenodd\"\r\n                                              d=\"M-2.18556e-06 50L0 -6.55668e-07L15 0L15 50L-2.18556e-06 50Z\"\r\n                                              fill=\"#3AB0E8\"\/>\r\n                                    <\/svg>\r\n                                                                    <svg xmlns=\"http:\/\/www.w3.org\/2000\/svg\" width=\"15\"\r\n                                         height=\"40\" viewBox=\"0 0 15 50\" fill=\"none\">\r\n                                        <path fill-rule=\"evenodd\" clip-rule=\"evenodd\"\r\n                                              d=\"M-2.18556e-06 50L0 -6.55668e-07L15 0L15 50L-2.18556e-06 50Z\"\r\n                                              fill=\"#C4C6C7\"\/>\r\n                                    <\/svg>\r\n                                                        <div class=\"infographics-block__graphic-items circle-items\">\r\n                                                    <\/div>\r\n                                                <div class=\"star-items\">\r\n                                                    <\/div>\r\n                    <\/div>\r\n                                    <div>\r\n                                                    <h5 class=\"infographics-block__title infographics-block__graphic-title\">\r\n                                S\u00dcSSE                            <\/h5>\r\n                                                                        <div class=\"infographics-block__graphic-items circle-items\">\r\n                                                                    <svg xmlns=\"http:\/\/www.w3.org\/2000\/svg\" width=\"10\"\r\n                                             height=\"10\" viewBox=\"0 0 20 20\"\r\n                                             fill=\"none\">\r\n                                            <circle cx=\"10\" cy=\"10\" r=\"10\" fill=\"#3AB0E8\"\/>\r\n                                        <\/svg>\r\n                                                                            <svg xmlns=\"http:\/\/www.w3.org\/2000\/svg\" width=\"20\"\r\n                                             height=\"20\" viewBox=\"0 0 30 30\"\r\n                                             fill=\"none\">\r\n                                            <circle cx=\"15\" cy=\"15\" r=\"15\" fill=\"#C4C6C7\"\/>\r\n                                        <\/svg>\r\n                                                                            <svg xmlns=\"http:\/\/www.w3.org\/2000\/svg\" width=\"30\"\r\n                                             height=\"30\" viewBox=\"0 0 30 30\"\r\n                                             fill=\"none\">\r\n                                            <circle cx=\"15\" cy=\"15\" r=\"15\" fill=\"#C4C6C7\"\/>\r\n                                        <\/svg>\r\n                                                                            <svg xmlns=\"http:\/\/www.w3.org\/2000\/svg\" width=\"40\"\r\n                                             height=\"40\" viewBox=\"0 0 30 30\"\r\n                                             fill=\"none\">\r\n                                            <circle cx=\"15\" cy=\"15\" r=\"15\" fill=\"#C4C6C7\"\/>\r\n                                        <\/svg>\r\n                                                                            <svg xmlns=\"http:\/\/www.w3.org\/2000\/svg\" width=\"50\"\r\n                                             height=\"50\" viewBox=\"0 0 30 30\"\r\n                                             fill=\"none\">\r\n                                            <circle cx=\"15\" cy=\"15\" r=\"15\" fill=\"#C4C6C7\"\/>\r\n                                        <\/svg>\r\n                                                            <\/div>\r\n                                                <div class=\"star-items\">\r\n                                                    <\/div>\r\n                    <\/div>\r\n                                    <div>\r\n                                                    <h5 class=\"infographics-block__title infographics-block__graphic-title\">\r\n                                BITTERKEIT                            <\/h5>\r\n                                                                        <div class=\"infographics-block__graphic-items circle-items\">\r\n                                                    <\/div>\r\n                                                <div class=\"star-items\">\r\n                                                                    <svg xmlns=\"http:\/\/www.w3.org\/2000\/svg\" width=\"10\"\r\n                                             height=\"10\" viewBox=\"0 0 20 20\"\r\n                                             fill=\"none\">\r\n                                            <path d=\"M10 0L11.75 6.96891L18.6603 5L13.5 10L18.6603 15L11.75 13.0311L10 20L8.25 13.0311L1.33975 15L6.5 10L1.33975 5L8.25 6.96891L10 0Z\"\r\n                                                  fill=\"#3AB0E8\"\/>\r\n                                        <\/svg>\r\n                                                                            <svg xmlns=\"http:\/\/www.w3.org\/2000\/svg\" width=\"20\"\r\n                                             height=\"20\" viewBox=\"0 0 20 20\"\r\n                                             fill=\"none\">\r\n                                            <path d=\"M10 0L11.75 6.96891L18.6603 5L13.5 10L18.6603 15L11.75 13.0311L10 20L8.25 13.0311L1.33975 15L6.5 10L1.33975 5L8.25 6.96891L10 0Z\"\r\n                                                  fill=\"#3AB0E8\"\/>\r\n                                        <\/svg>\r\n                                                                            <svg xmlns=\"http:\/\/www.w3.org\/2000\/svg\" width=\"30\"\r\n                                             height=\"30\" viewBox=\"0 0 20 20\"\r\n                                             fill=\"none\">\r\n                                            <path d=\"M10 0L11.75 6.96891L18.6603 5L13.5 10L18.6603 15L11.75 13.0311L10 20L8.25 13.0311L1.33975 15L6.5 10L1.33975 5L8.25 6.96891L10 0Z\"\r\n                                                  fill=\"#3AB0E8\"\/>\r\n                                        <\/svg>\r\n                                                                            <svg xmlns=\"http:\/\/www.w3.org\/2000\/svg\" width=\"40\"\r\n                                             height=\"40\" viewBox=\"0 0 40 40\"\r\n                                             fill=\"none\">\r\n                                            <path opacity=\"0.7\"\r\n                                                  d=\"M20 0L23.5 13.9378L37.3205 10L27 20L37.3205 30L23.5 26.0622L20 40L16.5 26.0622L2.67949 30L13 20L2.67949 10L16.5 13.9378L20 0Z\"\r\n                                                  fill=\"#C4C6C7\"\/>\r\n                                        <\/svg>\r\n                                                                            <svg xmlns=\"http:\/\/www.w3.org\/2000\/svg\" width=\"50\"\r\n                                             height=\"50\" viewBox=\"0 0 40 40\"\r\n                                             fill=\"none\">\r\n                                            <path opacity=\"0.7\"\r\n                                                  d=\"M20 0L23.5 13.9378L37.3205 10L27 20L37.3205 30L23.5 26.0622L20 40L16.5 26.0622L2.67949 30L13 20L2.67949 10L16.5 13.9378L20 0Z\"\r\n                                                  fill=\"#C4C6C7\"\/>\r\n                                        <\/svg>\r\n                                                            <\/div>\r\n                    <\/div>\r\n                                    <div>\r\n                                                    <h5 class=\"infographics-block__title infographics-block__graphic-title\">\r\n                                BISSIGKEIT                            <\/h5>\r\n                                                                        <div class=\"infographics-block__graphic-items circle-items\">\r\n                                                    <\/div>\r\n                        \r\n                                    <svg xmlns=\"http:\/\/www.w3.org\/2000\/svg\" width=\"10\"\r\n                                         height=\"10\" viewBox=\"0 0 10 9\"\r\n                                         fill=\"none\">\r\n                                        <path d=\"M4.13372 0L9.9 9H0C0 9 2.52633 7.28552 3.52132 5.4C4.43661 3.66551 4.13372 0 4.13372 0Z\"\r\n                                              fill=\"#3AB0E8\"\/>\r\n                                    <\/svg>\r\n                                \r\n                                    <svg xmlns=\"http:\/\/www.w3.org\/2000\/svg\" width=\"20\"\r\n                                         height=\"20\" viewBox=\"0 0 10 9\"\r\n                                         fill=\"none\">\r\n                                        <path d=\"M4.13372 0L9.9 9H0C0 9 2.52633 7.28552 3.52132 5.4C4.43661 3.66551 4.13372 0 4.13372 0Z\"\r\n                                              fill=\"#3AB0E8\"\/>\r\n                                    <\/svg>\r\n                                \r\n                                    <svg xmlns=\"http:\/\/www.w3.org\/2000\/svg\" width=\"30\"\r\n                                         height=\"30\" viewBox=\"0 0 10 9\"\r\n                                         fill=\"none\">\r\n                                        <path d=\"M4.13372 0L9.9 9H0C0 9 2.52633 7.28552 3.52132 5.4C4.43661 3.66551 4.13372 0 4.13372 0Z\"\r\n                                              fill=\"#3AB0E8\"\/>\r\n                                    <\/svg>\r\n                                \r\n                                    <svg xmlns=\"http:\/\/www.w3.org\/2000\/svg\" width=\"40\"\r\n                                         height=\"40\" viewBox=\"0 0 10 9\"\r\n                                         fill=\"none\">\r\n                                        <path d=\"M4.13372 0L9.9 9H0C0 9 2.52633 7.28552 3.52132 5.4C4.43661 3.66551 4.13372 0 4.13372 0Z\"\r\n                                              fill=\"#3AB0E8\"\/>\r\n                                    <\/svg>\r\n                                \r\n                                    <svg xmlns=\"http:\/\/www.w3.org\/2000\/svg\" width=\"50\"\r\n                                         height=\"50\" viewBox=\"0 0 30 27\"\r\n                                         fill=\"none\">\r\n                                        <path opacity=\"0.7\"\r\n                                              d=\"M12.4012 0L29.7 27H0C0 27 7.57899 21.8566 10.564 16.2C13.3098 10.9965 12.4012 0 12.4012 0Z\"\r\n                                              fill=\"#C4C6C7\"\/>\r\n                                    <\/svg>\r\n\r\n                                                        <div class=\"star-items\">\r\n                                                    <\/div>\r\n                    <\/div>\r\n                            <\/div>\r\n            <div class=\"infographics-block__block-diagrams\">\r\n\r\n                                <div class=\"infographics-block__diagram\">\r\n                                                    <h5 class=\"infographics-block__title infographics-block__diagram-title\">\r\n                                KOMPLEKXIT\u00c4T                            <\/h5>\r\n                                                <div class=\"infographics-block__diagram-container\">\r\n                            <div class=\"progress\">\r\n                                <div class=\"barOverflow\">\r\n                                    <div class=\"bar\"><\/div>\r\n                                <\/div>\r\n                                <span style=\"display: none\">69<\/span>\r\n                            <\/div>\r\n                        <\/div>\r\n\r\n                    <\/div>\r\n                                    <div class=\"infographics-block__diagram\">\r\n                                                    <h5 class=\"infographics-block__title infographics-block__diagram-title\">\r\n                                HARMONIE                            <\/h5>\r\n                                                <div class=\"infographics-block__diagram-container\">\r\n                            <div class=\"progress\">\r\n                                <div class=\"barOverflow\">\r\n                                    <div class=\"bar\"><\/div>\r\n                                <\/div>\r\n                                <span style=\"display: none\">35<\/span>\r\n                            <\/div>\r\n                        <\/div>\r\n\r\n                    <\/div>\r\n                                    <div class=\"infographics-block__diagram\">\r\n                                                    <h5 class=\"infographics-block__title infographics-block__diagram-title\">\r\n                                K\u00d6RPER                            <\/h5>\r\n                                                <div class=\"infographics-block__diagram-container\">\r\n                            <div class=\"progress\">\r\n                                <div class=\"barOverflow\">\r\n                                    <div class=\"bar\"><\/div>\r\n                                <\/div>\r\n                                <span style=\"display: none\">70<\/span>\r\n                            <\/div>\r\n                        <\/div>\r\n\r\n                    <\/div>\r\n                            <\/div>\r\n                            <div class=\"infographics-block__text-block-with-a-quote\">\r\n                    <h5 class=\"infographics-block__title infographics-block__text-block-with-a-quote-title\">\r\n                        FAZIT                    <\/h5>\r\n                    <div class=\"infographics-block__text-block-with-a-quote-quote\">\r\n                        Eine durchschnittlich starke, angenehme Zigarre                    <\/div>\r\n                <\/div>\r\n            \r\n\r\n        <\/div>\r\n    <\/div>\r\n<\/div>\r\n\r\n","protected":false},"excerpt":{"rendered":"<p>Der Klassiker f\u00fcr einen tollen l\u00e4ssigen Rauchgenuss, leichter Geschmack, tolle Textur und w\u00fcrzig-nussiger Geschmack.<\/p>\n","protected":false},"featured_media":994,"comment_status":"open","ping_status":"closed","template":"","meta":[],"product_cat":[15],"product_tag":[],"class_list":{"0":"post-1104","1":"product","2":"type-product","3":"status-publish","4":"has-post-thumbnail","6":"product_cat-uncategorized","8":"first","9":"instock","10":"shipping-taxable","11":"purchasable","12":"product-type-variable"},"acf":[],"_links":{"self":[{"href":"https:\/\/mar-cigars.com\/de\/wp-json\/wp\/v2\/product\/1104","targetHints":{"allow":["GET"]}}],"collection":[{"href":"https:\/\/mar-cigars.com\/de\/wp-json\/wp\/v2\/product"}],"about":[{"href":"https:\/\/mar-cigars.com\/de\/wp-json\/wp\/v2\/types\/product"}],"replies":[{"embeddable":true,"href":"https:\/\/mar-cigars.com\/de\/wp-json\/wp\/v2\/comments?post=1104"}],"wp:featuredmedia":[{"embeddable":true,"href":"https:\/\/mar-cigars.com\/de\/wp-json\/wp\/v2\/media\/994"}],"wp:attachment":[{"href":"https:\/\/mar-cigars.com\/de\/wp-json\/wp\/v2\/media?parent=1104"}],"wp:term":[{"taxonomy":"product_cat","embeddable":true,"href":"https:\/\/mar-cigars.com\/de\/wp-json\/wp\/v2\/product_cat?post=1104"},{"taxonomy":"product_tag","embeddable":true,"href":"https:\/\/mar-cigars.com\/de\/wp-json\/wp\/v2\/product_tag?post=1104"}],"curies":[{"name":"wp","href":"https:\/\/api.w.org\/{rel}","templated":true}]}}