{"id":374,"date":"2024-01-16T08:26:59","date_gmt":"2024-01-16T08:26:59","guid":{"rendered":"https:\/\/mar-cigars.com\/pagina-de-inicio\/"},"modified":"2024-04-19T10:37:45","modified_gmt":"2024-04-19T10:37:45","slug":"pagina-de-inicio","status":"publish","type":"page","link":"https:\/\/mar-cigars.com\/es\/","title":{"rendered":"P\u00e1gina de inicio"},"content":{"rendered":"\r\n<div  class=\"hero-block\" style=\"background: url('https:\/\/mar-cigars.com\/wp-content\/uploads\/2024\/03\/MAR.jpg');\">\r\n    <div class=\"hero-block__container\">\r\n        <div class=\"hero-block__column\">\r\n                            <h1 class=\"hero-block__title\">MAR Cigars<\/h1>\r\n            \r\n                            <div class=\"hero-block__description\"><p><strong>Puros de primera calidad de Costa Rica<\/strong><\/p>\n<\/div>\r\n                                <\/div>\r\n        <div class=\"hero-block__column\">\r\n            <a href=\"#\" class=\"hero-block__scroll-down\">Scroll down<\/a>\r\n        <\/div>\r\n    <\/div>\r\n<\/div>\r\n\r\n\n\n\r\n<div  class=\"text-and-media-block text-and-media-block--left\">\r\n<!--    <div class=\"text-and-media-column column--image\">-->\r\n\r\n                    <div class=\"text-and-media-block__image column--image\">\r\n                <img decoding=\"async\" src=\"https:\/\/mar-cigars.com\/wp-content\/uploads\/2024\/03\/MAR-Sunshine-\u043a\u043e\u043f\u0438\u044f-e1710162634225.jpg\" alt=\"\" \/>\r\n            <\/div>\r\n        \r\n<!--    <\/div>-->\r\n\r\n<!--    <div class=\"text-and-media-column column--description\">-->\r\n\r\n        <div class=\"text-and-media-block__content column--description\">\r\n                            <div class=\"text-and-media-block__title\">Nuestra colecci\u00f3n exclusiva<\/div>\r\n            \r\n            \r\n                            <div class=\"text-and-media-block__description\"><p>Treten Sie mit unseren f\u00fcnf exklusiven Zigarrentypen in ein Reich der besonderen Aromen ein. Von der kr\u00e4ftigen Intensit\u00e4t einer Full-Bodied-Mischung bis hin zu den subtilen Nuancen einer Light-Aroma, verspricht jede Auswahl eine einzigartige Reise. Finden Sie Ihre perfekte Mischung und begeben Sie sich auf eine unvergleichliche sensorische Entdeckungsreise.<\/p>\n<\/div>\r\n            \r\n                        <a href=\"https:\/\/mar-cigars.com\/es\/tienda\/\" class=\"text-and-media-block__button\">\r\n                Entdecken Sie Ihre Mischung              <\/a>\r\n                  <\/div>\r\n\r\n<!--    <\/div>-->\r\n\r\n<\/div>\r\n\r\n\n\n\r\n<div  class=\"text-and-media-block text-and-media-block--right\">\r\n<!--    <div class=\"text-and-media-column column--image\">-->\r\n\r\n                    <div class=\"text-and-media-block__image column--image\">\r\n                <img decoding=\"async\" src=\"https:\/\/mar-cigars.com\/wp-content\/uploads\/2024\/03\/Sloath-2-scaled.jpg\" alt=\"\" \/>\r\n            <\/div>\r\n        \r\n<!--    <\/div>-->\r\n\r\n<!--    <div class=\"text-and-media-column column--description\">-->\r\n\r\n        <div class=\"text-and-media-block__content column--description\">\r\n            \r\n                            <div class=\"text-and-media-block__subtitle\">MAR Cigars es una empresa familiar con sede en Costa Rica especializada en la producci\u00f3n de puros liados a mano de alta calidad. <\/div>\r\n            \r\n                            <div class=\"text-and-media-block__description\"><p>La empresa gestiona su propia plantaci\u00f3n, donde las plantas de tabaco se cultivan bajo estrictas normas ecol\u00f3gicas, lo que les permite elaborar productos ecol\u00f3gicos certificados.<\/p>\n<\/div>\r\n            \r\n                  <\/div>\r\n\r\n<!--    <\/div>-->\r\n\r\n<\/div>\r\n\r\n\n\n\r\n<div  class=\"text-and-media-block text-and-media-block--left\">\r\n<!--    <div class=\"text-and-media-column column--image\">-->\r\n\r\n                    <div class=\"text-and-media-block__image column--image\">\r\n                <img decoding=\"async\" src=\"https:\/\/mar-cigars.com\/wp-content\/uploads\/2024\/03\/IMG_6025-e1710166847395.jpg\" alt=\"\" \/>\r\n            <\/div>\r\n        \r\n<!--    <\/div>-->\r\n\r\n<!--    <div class=\"text-and-media-column column--description\">-->\r\n\r\n        <div class=\"text-and-media-block__content column--description\">\r\n            \r\n                            <div class=\"text-and-media-block__subtitle\">La plantaci\u00f3n de puros MAR se encuentra en los f\u00e9rtiles valles de Costa Rica, donde las condiciones \u00fanicas del clima y el suelo ofrecen las condiciones ideales para el cultivo del tabaco.<\/div>\r\n            \r\n                            <div class=\"text-and-media-block__description\"><p>Seleccionando cuidadosamente las semillas, utilizando m\u00e9todos de cultivo tradicionales y evitando el uso de productos qu\u00edmicos, la empresa es capaz de cosechar tabaco de la m\u00e1s alta calidad.<\/p>\n<p>Los puros de MAR son elaborados a mano por torcedores experimentados, y cada puro es una combinaci\u00f3n de tabaco de primera calidad y la artesan\u00eda de los empleados. Este proceso garantiza una alta calidad constante y un sabor \u00fanico en cada puro.<\/p>\n<\/div>\r\n            \r\n                  <\/div>\r\n\r\n<!--    <\/div>-->\r\n\r\n<\/div>\r\n\r\n\n\n\r\n<div  class=\"section-heading-block\">\r\n    <div class=\"section-heading-block__container\">\r\n        <div class=\"section-heading-block__column\">\r\n                            <h2 class=\"section-heading-block__title\">MAR<\/h2>\r\n                    <\/div>\r\n        <div class=\"section-heading-block__column\">\r\n            <img decoding=\"async\" src=\"https:\/\/mar-cigars.com\/wp-content\/themes\/cigaras\/assets\/img\/one-wave.svg\" alt=\"\">\r\n                            <div class=\"section-heading-block__description\"><p>Con su certificaci\u00f3n ecol\u00f3gica y su compromiso con la sostenibilidad, Cigarros MAR es un ejemplo de protecci\u00f3n medioambiental y calidad. La combinaci\u00f3n de m\u00e9todos de producci\u00f3n tradicionales, cultivo ecol\u00f3gico y gesti\u00f3n empresarial familiar hace de los puros MAR una marca apreciada por los amantes de los puros de todo el mundo.<\/p>\n<\/div>\r\n                    <\/div>\r\n    <\/div>\r\n<\/div>\r\n\r\n\n\n\r\n<div  class=\"video-block\">\r\n    <div class=\"video-block__wrapper\">\r\n                    <div class=\"video-block__video-container\">\r\n                <video src=\"https:\/\/mar-cigars.com\/wp-content\/uploads\/2024\/03\/homepage-video.mp4\" class=\"video-block__video\" id=\"video-block__video\" poster=\"https:\/\/mar-cigars.com\/wp-content\/uploads\/2024\/03\/CoastlineDrone-1-e1711109912550.jpg\" controls><\/video>\r\n                <a href=\"#\" class=\"play-video-button\" id=\"video-button\" style=\"display: none;\">\r\n                    Play video\r\n                <\/a>\r\n                <div class=\"video-block__video-wrapper\" id=\"video-button-wrapper\">\r\n                                            <div class=\"video-block__text\">\r\n                            <img decoding=\"async\" src=\"https:\/\/mar-cigars.com\/wp-content\/themes\/cigaras\/assets\/img\/long-wave.svg\" alt=\"\">\r\n                          <p>\r\n                        MAR Cigars \u2013 Puros de primera calidad de origen de Costa Rica \u2013 un placer, primero mano, hecho a mano                          <\/p>\r\n                        <\/div>\r\n                                    <\/div>\r\n                <div class=\"video-block__poster-play\"><\/div>\r\n                <div class=\"video-block__poster video-poster\"><img decoding=\"async\" src=\"https:\/\/mar-cigars.com\/wp-content\/uploads\/2024\/03\/CoastlineDrone-1-e1711109912550.jpg\" alt=\"\"><\/div>\r\n            <\/div>\r\n            <\/div>\r\n<\/div>\r\n\n\n\r\n<div  class=\"cta-block\">\r\n    <div class=\"cta-block__container\">\r\n        <div class=\"cta-block__column\">\r\n\r\n                            <h3 class=\"cta-block__title\">Eleve sus momentos<\/h3>\r\n            \r\n                            <div class=\"cta-block__description\"><p>Con su certificaci\u00f3n ecol\u00f3gica y su compromiso con la sostenibilidad, Cigarros MAR es un ejemplo de protecci\u00f3n medioambiental y calidad. La combinaci\u00f3n de m\u00e9todos de producci\u00f3n tradicionales, cultivo ecol\u00f3gico y gesti\u00f3n empresarial familiar hace de los puros MAR una marca apreciada por los amantes de los puros de todo el mundo.<\/p>\n<\/div>\r\n            \r\n        <\/div>\r\n\r\n        <div class=\"cta-block__column\">\r\n                            <a href=\"https:\/\/mar-cigars.com\/es\/tienda\/\" class=\"cta-block__button\">Explorar ahora<\/a>\r\n                    <\/div>\r\n    <\/div>\r\n\r\n\r\n<\/div>\r\n\r\n","protected":false},"excerpt":{"rendered":"","protected":false},"author":35,"featured_media":0,"parent":0,"menu_order":0,"comment_status":"closed","ping_status":"closed","template":"","meta":{"footnotes":""},"class_list":["post-374","page","type-page","status-publish","hentry"],"acf":[],"_links":{"self":[{"href":"https:\/\/mar-cigars.com\/es\/wp-json\/wp\/v2\/pages\/374","targetHints":{"allow":["GET"]}}],"collection":[{"href":"https:\/\/mar-cigars.com\/es\/wp-json\/wp\/v2\/pages"}],"about":[{"href":"https:\/\/mar-cigars.com\/es\/wp-json\/wp\/v2\/types\/page"}],"author":[{"embeddable":true,"href":"https:\/\/mar-cigars.com\/es\/wp-json\/wp\/v2\/users\/35"}],"replies":[{"embeddable":true,"href":"https:\/\/mar-cigars.com\/es\/wp-json\/wp\/v2\/comments?post=374"}],"version-history":[{"count":12,"href":"https:\/\/mar-cigars.com\/es\/wp-json\/wp\/v2\/pages\/374\/revisions"}],"predecessor-version":[{"id":1030,"href":"https:\/\/mar-cigars.com\/es\/wp-json\/wp\/v2\/pages\/374\/revisions\/1030"}],"wp:attachment":[{"href":"https:\/\/mar-cigars.com\/es\/wp-json\/wp\/v2\/media?parent=374"}],"curies":[{"name":"wp","href":"https:\/\/api.w.org\/{rel}","templated":true}]}}