{"id":376,"date":"2024-01-10T15:42:16","date_gmt":"2024-01-10T15:42:16","guid":{"rendered":"https:\/\/mar-cigars.com\/quienes-somos\/"},"modified":"2024-09-16T08:04:22","modified_gmt":"2024-09-16T08:04:22","slug":"quienes-somos","status":"publish","type":"page","link":"https:\/\/mar-cigars.com\/es\/quienes-somos\/","title":{"rendered":"Qui\u00e9nes somos"},"content":{"rendered":"\r\n<div  class=\"hero-block\" style=\"background: url('https:\/\/mar-cigars.com\/wp-content\/uploads\/2024\/03\/CoastLineBeachDrone.jpg');\">\r\n    <div class=\"hero-block__container\">\r\n        <div class=\"hero-block__column\">\r\n                            <h1 class=\"hero-block__title\">Qui\u00e9nes somos<\/h1>\r\n            \r\n                                <\/div>\r\n        <div class=\"hero-block__column\">\r\n            <a href=\"#\" class=\"hero-block__scroll-down\">Scroll down<\/a>\r\n        <\/div>\r\n    <\/div>\r\n<\/div>\r\n\r\n\n\n\r\n<div  class=\"text-and-media-block text-and-media-block--left\">\r\n<!--    <div class=\"text-and-media-column column--image\">-->\r\n\r\n                    <div class=\"text-and-media-block__image column--image\">\r\n                <img decoding=\"async\" src=\"https:\/\/mar-cigars.com\/wp-content\/uploads\/2024\/03\/Sunset2.jpg\" alt=\"\" \/>\r\n            <\/div>\r\n        \r\n<!--    <\/div>-->\r\n\r\n<!--    <div class=\"text-and-media-column column--description\">-->\r\n\r\n        <div class=\"text-and-media-block__content column--description\">\r\n            \r\n                            <div class=\"text-and-media-block__subtitle\">MAR se produce en una f\u00e1brica con m\u00e1s de 40 a\u00f1os de experiencia en la elaboraci\u00f3n de puros.<\/div>\r\n            \r\n                            <div class=\"text-and-media-block__description\"><p>Manejamos todo el proceso del tabaco desde la siembra hasta la cosecha como producto terminado en nuestra finca ubicada en Filadelfia, Santa Cruz, Guanacaste, Costa Rica.<\/p>\n<p><span style=\"font-weight: 400;\">Todo es hecho a mano utilizamos la mejor calidad para elaborar los distintos tabacos como:<\/span><\/p>\n<p><span style=\"font-weight: 400;\">espl\u00e9ndido o churchil, robusto, pir\u00e1mide o torpedo o corona etc.<\/span><\/p>\n<\/div>\r\n            \r\n                  <\/div>\r\n\r\n<!--    <\/div>-->\r\n\r\n<\/div>\r\n\r\n\n\n\r\n<div  class=\"slider-block\">\r\n\r\n            <div class=\"slides-block\">\r\n                            <div class=\"slide\" style=\"background: linear-gradient(0deg, rgba(38, 19, 8, 0.40) 0%, rgba(38, 19, 8, 0.40) 100%),\r\n                        url('https:\/\/mar-cigars.com\/wp-content\/uploads\/2024\/03\/88114acd-e097-4860-9fe1-0ead0806e766.jpg'), lightgray 50% \/ cover no-repeat\">\r\n                    <div class=\"slide__container\">\r\n                        <div class=\"slide__content\">\r\n                          \r\n                                                  <\/div>\r\n                    <\/div>\r\n                <\/div>\r\n                    <\/div>\r\n    <\/div>\r\n\r\n\n\n\r\n<div  class=\"text-and-media-block text-and-media-block--right\">\r\n<!--    <div class=\"text-and-media-column column--image\">-->\r\n\r\n                    <div class=\"text-and-media-block__image column--image\">\r\n                <img decoding=\"async\" src=\"https:\/\/mar-cigars.com\/wp-content\/uploads\/2024\/03\/MAR-AlRA.jpg\" alt=\"\" \/>\r\n            <\/div>\r\n        \r\n<!--    <\/div>-->\r\n\r\n<!--    <div class=\"text-and-media-column column--description\">-->\r\n\r\n        <div class=\"text-and-media-block__content column--description\">\r\n                            <div class=\"text-and-media-block__title\">Historia<\/div>\r\n            \r\n            \r\n                            <div class=\"text-and-media-block__description\"><p><span style=\"font-weight: 400;\">MAR se lanz\u00f3 como marca propia en 2022 como idea de los tres aficionados a los puros Marcel Christen, Alain Held y Ralph Zumb\u00fchl. La primera producci\u00f3n de prueba es una producci\u00f3n pura de Esplendido a partir de las mejores hojas de tabaco de nuestra f\u00e1brica. Con el tiempo, se producir\u00e1n m\u00e1s variantes.<\/span><\/p>\n<\/div>\r\n            \r\n                        <a href=\"https:\/\/mar-cigars.com\/our-team\/\" class=\"text-and-media-block__button\">\r\n                Nuestro equipo              <\/a>\r\n                  <\/div>\r\n\r\n<!--    <\/div>-->\r\n\r\n<\/div>\r\n\r\n\n\n\r\n<div  class=\"gallery-block\">\r\n            <div class=\"gallery__container\">\r\n            <h2><\/h2>\r\n\r\n            <div class=\"gallery gallery__content\">\r\n                                <a href=\"#0\" class=\"gallery__item\" data-id=\"0\">\r\n                      <img decoding=\"async\" class=\"gallery__item-expand-icon\"\r\n                           src=\"https:\/\/mar-cigars.com\/wp-content\/themes\/cigaras\/assets\/img\/gallery-expand.svg\" alt=\"expand\"\/>\r\n                      <img decoding=\"async\" class=\"gallery__item-image\"\r\n                           src=\"https:\/\/mar-cigars.com\/wp-content\/uploads\/2024\/03\/ZorAR-scaled.jpg\" alt=\"\"\/>\r\n                  <\/a>\r\n                  <div class=\"gallery__item-lightbox\" data-id=\"0\">\r\n                      <img decoding=\"async\" src=\"https:\/\/mar-cigars.com\/wp-content\/uploads\/2024\/03\/ZorAR-scaled.jpg\" alt=\"\"\/>\r\n                  <\/div>\r\n                                  <a href=\"#1\" class=\"gallery__item\" data-id=\"1\">\r\n                      <img decoding=\"async\" class=\"gallery__item-expand-icon\"\r\n                           src=\"https:\/\/mar-cigars.com\/wp-content\/themes\/cigaras\/assets\/img\/gallery-expand.svg\" alt=\"expand\"\/>\r\n                      <img decoding=\"async\" class=\"gallery__item-image\"\r\n                           src=\"https:\/\/mar-cigars.com\/wp-content\/uploads\/2024\/03\/IMG_6025-e1710166847395.jpg\" alt=\"\"\/>\r\n                  <\/a>\r\n                  <div class=\"gallery__item-lightbox\" data-id=\"1\">\r\n                      <img decoding=\"async\" src=\"https:\/\/mar-cigars.com\/wp-content\/uploads\/2024\/03\/IMG_6025-e1710166847395.jpg\" alt=\"\"\/>\r\n                  <\/div>\r\n                                  <a href=\"#2\" class=\"gallery__item\" data-id=\"2\">\r\n                      <img decoding=\"async\" class=\"gallery__item-expand-icon\"\r\n                           src=\"https:\/\/mar-cigars.com\/wp-content\/themes\/cigaras\/assets\/img\/gallery-expand.svg\" alt=\"expand\"\/>\r\n                      <img decoding=\"async\" class=\"gallery__item-image\"\r\n                           src=\"https:\/\/mar-cigars.com\/wp-content\/uploads\/2024\/03\/IMG_6026.jpg\" alt=\"\"\/>\r\n                  <\/a>\r\n                  <div class=\"gallery__item-lightbox\" data-id=\"2\">\r\n                      <img decoding=\"async\" src=\"https:\/\/mar-cigars.com\/wp-content\/uploads\/2024\/03\/IMG_6026.jpg\" alt=\"\"\/>\r\n                  <\/div>\r\n                                  <a href=\"#3\" class=\"gallery__item\" data-id=\"3\">\r\n                      <img decoding=\"async\" class=\"gallery__item-expand-icon\"\r\n                           src=\"https:\/\/mar-cigars.com\/wp-content\/themes\/cigaras\/assets\/img\/gallery-expand.svg\" alt=\"expand\"\/>\r\n                      <img decoding=\"async\" class=\"gallery__item-image\"\r\n                           src=\"https:\/\/mar-cigars.com\/wp-content\/uploads\/2024\/03\/IMG_6028.jpg\" alt=\"\"\/>\r\n                  <\/a>\r\n                  <div class=\"gallery__item-lightbox\" data-id=\"3\">\r\n                      <img decoding=\"async\" src=\"https:\/\/mar-cigars.com\/wp-content\/uploads\/2024\/03\/IMG_6028.jpg\" alt=\"\"\/>\r\n                  <\/div>\r\n                                  <a href=\"#4\" class=\"gallery__item\" data-id=\"4\">\r\n                      <img decoding=\"async\" class=\"gallery__item-expand-icon\"\r\n                           src=\"https:\/\/mar-cigars.com\/wp-content\/themes\/cigaras\/assets\/img\/gallery-expand.svg\" alt=\"expand\"\/>\r\n                      <img decoding=\"async\" class=\"gallery__item-image\"\r\n                           src=\"https:\/\/mar-cigars.com\/wp-content\/uploads\/2024\/09\/photo_2024-09-16-11.00.30.jpeg\" alt=\"\"\/>\r\n                  <\/a>\r\n                  <div class=\"gallery__item-lightbox\" data-id=\"4\">\r\n                      <img decoding=\"async\" src=\"https:\/\/mar-cigars.com\/wp-content\/uploads\/2024\/09\/photo_2024-09-16-11.00.30.jpeg\" alt=\"\"\/>\r\n                  <\/div>\r\n                                  <a href=\"#5\" class=\"gallery__item\" data-id=\"5\">\r\n                      <img decoding=\"async\" class=\"gallery__item-expand-icon\"\r\n                           src=\"https:\/\/mar-cigars.com\/wp-content\/themes\/cigaras\/assets\/img\/gallery-expand.svg\" alt=\"expand\"\/>\r\n                      <img decoding=\"async\" class=\"gallery__item-image\"\r\n                           src=\"https:\/\/mar-cigars.com\/wp-content\/uploads\/2024\/03\/IMG_6027.jpg\" alt=\"\"\/>\r\n                  <\/a>\r\n                  <div class=\"gallery__item-lightbox\" data-id=\"5\">\r\n                      <img decoding=\"async\" src=\"https:\/\/mar-cigars.com\/wp-content\/uploads\/2024\/03\/IMG_6027.jpg\" alt=\"\"\/>\r\n                  <\/div>\r\n                                  <a href=\"#6\" class=\"gallery__item\" data-id=\"6\">\r\n                      <img decoding=\"async\" class=\"gallery__item-expand-icon\"\r\n                           src=\"https:\/\/mar-cigars.com\/wp-content\/themes\/cigaras\/assets\/img\/gallery-expand.svg\" alt=\"expand\"\/>\r\n                      <img decoding=\"async\" class=\"gallery__item-image\"\r\n                           src=\"https:\/\/mar-cigars.com\/wp-content\/uploads\/2024\/03\/IMG_6031.jpg\" alt=\"\"\/>\r\n                  <\/a>\r\n                  <div class=\"gallery__item-lightbox\" data-id=\"6\">\r\n                      <img decoding=\"async\" src=\"https:\/\/mar-cigars.com\/wp-content\/uploads\/2024\/03\/IMG_6031.jpg\" alt=\"\"\/>\r\n                  <\/div>\r\n                            <\/div>\r\n        <\/div>\r\n\r\n    <\/div>\r\n\n\n\r\n<div  class=\"section-heading-block\">\r\n    <div class=\"section-heading-block__container\">\r\n        <div class=\"section-heading-block__column\">\r\n                            <h2 class=\"section-heading-block__title\">Selecci\u00f3n<\/h2>\r\n                    <\/div>\r\n        <div class=\"section-heading-block__column\">\r\n            <img decoding=\"async\" src=\"https:\/\/mar-cigars.com\/wp-content\/themes\/cigaras\/assets\/img\/one-wave.svg\" alt=\"\">\r\n                            <div class=\"section-heading-block__description\"><p><span style=\"font-weight: 400;\">Actualmente producimos MAR Esplendidos y los vendemos a selectos connaissurs en cajas de madera de producci\u00f3n propia de 20 piezas. Tenemos previsto ampliar r\u00e1pidamente nuestra gama y selecci\u00f3n a diferentes tama\u00f1os y estilos de tabaco, seg\u00fan los deseos de nuestros clientes.<\/span><\/p>\n<\/div>\r\n                    <\/div>\r\n    <\/div>\r\n<\/div>\r\n\r\n\n\n\r\n<div  class=\"cta-block\">\r\n    <div class=\"cta-block__container\">\r\n        <div class=\"cta-block__column\">\r\n\r\n                            <h3 class=\"cta-block__title\">Elaborado con pasi\u00f3n, disfrutado con prestigio<\/h3>\r\n            \r\n                            <div class=\"cta-block__description\"><p>Sum\u00e9rjase en nuestra historia de herencia y excelencia. Fundada sobre una tradici\u00f3n de meticulosa artesan\u00eda y amor por las cosas buenas de la vida, te traemos puros que son algo m\u00e1s que fumar: son una celebraci\u00f3n de los grandes momentos de la vida.<\/p>\n<\/div>\r\n            \r\n        <\/div>\r\n\r\n        <div class=\"cta-block__column\">\r\n                            <a href=\"https:\/\/mar-cigars.com\/shop\/\" class=\"cta-block__button\">Explore<\/a>\r\n                    <\/div>\r\n    <\/div>\r\n\r\n\r\n<\/div>\r\n\r\n","protected":false},"excerpt":{"rendered":"","protected":false},"author":35,"featured_media":0,"parent":0,"menu_order":0,"comment_status":"closed","ping_status":"closed","template":"","meta":{"footnotes":""},"class_list":["post-376","page","type-page","status-publish","hentry"],"acf":[],"_links":{"self":[{"href":"https:\/\/mar-cigars.com\/es\/wp-json\/wp\/v2\/pages\/376","targetHints":{"allow":["GET"]}}],"collection":[{"href":"https:\/\/mar-cigars.com\/es\/wp-json\/wp\/v2\/pages"}],"about":[{"href":"https:\/\/mar-cigars.com\/es\/wp-json\/wp\/v2\/types\/page"}],"author":[{"embeddable":true,"href":"https:\/\/mar-cigars.com\/es\/wp-json\/wp\/v2\/users\/35"}],"replies":[{"embeddable":true,"href":"https:\/\/mar-cigars.com\/es\/wp-json\/wp\/v2\/comments?post=376"}],"version-history":[{"count":24,"href":"https:\/\/mar-cigars.com\/es\/wp-json\/wp\/v2\/pages\/376\/revisions"}],"predecessor-version":[{"id":1224,"href":"https:\/\/mar-cigars.com\/es\/wp-json\/wp\/v2\/pages\/376\/revisions\/1224"}],"wp:attachment":[{"href":"https:\/\/mar-cigars.com\/es\/wp-json\/wp\/v2\/media?parent=376"}],"curies":[{"name":"wp","href":"https:\/\/api.w.org\/{rel}","templated":true}]}}