{"id":396,"date":"2024-01-11T11:27:02","date_gmt":"2024-01-11T11:27:02","guid":{"rendered":"https:\/\/mar-cigars.com\/preguntas-y-respuestas\/"},"modified":"2024-03-26T14:23:10","modified_gmt":"2024-03-26T14:23:10","slug":"preguntas-y-respuestas","status":"publish","type":"page","link":"https:\/\/mar-cigars.com\/es\/preguntas-y-respuestas\/","title":{"rendered":"PREGUNTAS Y RESPUESTAS"},"content":{"rendered":"\r\n<div  class=\"hero-block\" style=\"background: url('https:\/\/mar-cigars.com\/wp-content\/uploads\/2024\/03\/Beach-scaled-e1710333048901.jpg');\">\r\n    <div class=\"hero-block__container\">\r\n        <div class=\"hero-block__column\">\r\n            \r\n                                <\/div>\r\n        <div class=\"hero-block__column\">\r\n            <a href=\"#\" class=\"hero-block__scroll-down\">Scroll down<\/a>\r\n        <\/div>\r\n    <\/div>\r\n<\/div>\r\n\r\n\n\n\r\n\r\n\r\n<div class=\"accordion\">\r\n  <div class=\"accordion__container\">\r\n              <div class=\"accordion__item\">\r\n                            <div class=\"accordion__header\">\r\n                    <div class=\"accordion__header-title\">\r\n                        <div class=\"accordion__title\">\r\n                          \u00bfC\u00f3mo puedo hacer el seguimiento de mi pedido?                        <\/div>\r\n                        <div class=\"accordion__icon\">\r\n                            <img decoding=\"async\" class=\"accordion__icon-arrow\"\r\n                                 src=\"https:\/\/mar-cigars.com\/wp-content\/themes\/cigaras\/assets\/img\/accordion-arrow.svg\"\r\n                                 alt=\"arrow\"\/>\r\n                            <img decoding=\"async\" class=\"accordion__icon-cross\"\r\n                                 src=\"https:\/\/mar-cigars.com\/wp-content\/themes\/cigaras\/assets\/img\/icons\/delete-cross-x-white.svg\"\r\n                                 alt=\"close icon\"\/>\r\n                        <\/div>\r\n                    <\/div>\r\n                <\/div>\r\n                          <div class=\"accordion__content\">\r\n                                    <div>Una vez que se haya enviado su pedido, recibir\u00e1 un correo electr\u00f3nico con un n\u00famero de seguimiento y un enlace para rastrear su paquete.<\/div>\r\n                              <\/div>\r\n          <\/div>\r\n                <div class=\"accordion__item\">\r\n                            <div class=\"accordion__header\">\r\n                    <div class=\"accordion__header-title\">\r\n                        <div class=\"accordion__title\">\r\n                          \u00bfCu\u00e1l es su pol\u00edtica de devoluciones?                        <\/div>\r\n                        <div class=\"accordion__icon\">\r\n                            <img decoding=\"async\" class=\"accordion__icon-arrow\"\r\n                                 src=\"https:\/\/mar-cigars.com\/wp-content\/themes\/cigaras\/assets\/img\/accordion-arrow.svg\"\r\n                                 alt=\"arrow\"\/>\r\n                            <img decoding=\"async\" class=\"accordion__icon-cross\"\r\n                                 src=\"https:\/\/mar-cigars.com\/wp-content\/themes\/cigaras\/assets\/img\/icons\/delete-cross-x-white.svg\"\r\n                                 alt=\"close icon\"\/>\r\n                        <\/div>\r\n                    <\/div>\r\n                <\/div>\r\n                          <div class=\"accordion__content\">\r\n                                    <div>Aceptamos devoluciones dentro de los 30 d\u00edas siguientes a la compra para la mayor\u00eda de los art\u00edculos en estado nuevo y sin usar. <\/div>\r\n                              <\/div>\r\n          <\/div>\r\n                <div class=\"accordion__item\">\r\n                            <div class=\"accordion__header\">\r\n                    <div class=\"accordion__header-title\">\r\n                        <div class=\"accordion__title\">\r\n                          \u00bfHacen env\u00edos internacionales?                        <\/div>\r\n                        <div class=\"accordion__icon\">\r\n                            <img decoding=\"async\" class=\"accordion__icon-arrow\"\r\n                                 src=\"https:\/\/mar-cigars.com\/wp-content\/themes\/cigaras\/assets\/img\/accordion-arrow.svg\"\r\n                                 alt=\"arrow\"\/>\r\n                            <img decoding=\"async\" class=\"accordion__icon-cross\"\r\n                                 src=\"https:\/\/mar-cigars.com\/wp-content\/themes\/cigaras\/assets\/img\/icons\/delete-cross-x-white.svg\"\r\n                                 alt=\"close icon\"\/>\r\n                        <\/div>\r\n                    <\/div>\r\n                <\/div>\r\n                          <div class=\"accordion__content\">\r\n                                    <div>??<\/div>\r\n                              <\/div>\r\n          <\/div>\r\n                <div class=\"accordion__item\">\r\n                            <div class=\"accordion__header\">\r\n                    <div class=\"accordion__header-title\">\r\n                        <div class=\"accordion__title\">\r\n                          \u00bfC\u00f3mo puedo modificar o anular mi pedido?                        <\/div>\r\n                        <div class=\"accordion__icon\">\r\n                            <img decoding=\"async\" class=\"accordion__icon-arrow\"\r\n                                 src=\"https:\/\/mar-cigars.com\/wp-content\/themes\/cigaras\/assets\/img\/accordion-arrow.svg\"\r\n                                 alt=\"arrow\"\/>\r\n                            <img decoding=\"async\" class=\"accordion__icon-cross\"\r\n                                 src=\"https:\/\/mar-cigars.com\/wp-content\/themes\/cigaras\/assets\/img\/icons\/delete-cross-x-white.svg\"\r\n                                 alt=\"close icon\"\/>\r\n                        <\/div>\r\n                    <\/div>\r\n                <\/div>\r\n                          <div class=\"accordion__content\">\r\n                                    <div>Para modificar o cancelar su pedido, p\u00f3ngase en contacto con nosotros lo antes posible. Si su pedido a\u00fan no se ha enviado, haremos todo lo posible por atender su solicitud.<\/div>\r\n                              <\/div>\r\n          <\/div>\r\n                <div class=\"accordion__item\">\r\n                            <div class=\"accordion__header\">\r\n                    <div class=\"accordion__header-title\">\r\n                        <div class=\"accordion__title\">\r\n                          \u00bfQu\u00e9 m\u00e9todos de pago aceptan?                        <\/div>\r\n                        <div class=\"accordion__icon\">\r\n                            <img decoding=\"async\" class=\"accordion__icon-arrow\"\r\n                                 src=\"https:\/\/mar-cigars.com\/wp-content\/themes\/cigaras\/assets\/img\/accordion-arrow.svg\"\r\n                                 alt=\"arrow\"\/>\r\n                            <img decoding=\"async\" class=\"accordion__icon-cross\"\r\n                                 src=\"https:\/\/mar-cigars.com\/wp-content\/themes\/cigaras\/assets\/img\/icons\/delete-cross-x-white.svg\"\r\n                                 alt=\"close icon\"\/>\r\n                        <\/div>\r\n                    <\/div>\r\n                <\/div>\r\n                          <div class=\"accordion__content\">\r\n                                    <div>Aceptamos varios m\u00e9todos de pago, como tarjetas de cr\u00e9dito (Visa, MasterCard), PayPal y en efectivo.<\/div>\r\n                              <\/div>\r\n          <\/div>\r\n                <div class=\"accordion__item\">\r\n                            <div class=\"accordion__header\">\r\n                    <div class=\"accordion__header-title\">\r\n                        <div class=\"accordion__title\">\r\n                          \u00bfC\u00f3mo debo guardar mis puros para mantener su calidad?                        <\/div>\r\n                        <div class=\"accordion__icon\">\r\n                            <img decoding=\"async\" class=\"accordion__icon-arrow\"\r\n                                 src=\"https:\/\/mar-cigars.com\/wp-content\/themes\/cigaras\/assets\/img\/accordion-arrow.svg\"\r\n                                 alt=\"arrow\"\/>\r\n                            <img decoding=\"async\" class=\"accordion__icon-cross\"\r\n                                 src=\"https:\/\/mar-cigars.com\/wp-content\/themes\/cigaras\/assets\/img\/icons\/delete-cross-x-white.svg\"\r\n                                 alt=\"close icon\"\/>\r\n                        <\/div>\r\n                    <\/div>\r\n                <\/div>\r\n                          <div class=\"accordion__content\">\r\n                                    <div>Los puros deben conservarse en un humidor a una humedad relativa del 68-72% y a una temperatura de unos 21\u00b0C (70\u00b0F) para preservar su frescura y sabor.<\/div>\r\n                              <\/div>\r\n          <\/div>\r\n                <div class=\"accordion__item\">\r\n                            <div class=\"accordion__header\">\r\n                    <div class=\"accordion__header-title\">\r\n                        <div class=\"accordion__title\">\r\n                          \u00bfQu\u00e9 cantidad de puros incluye cada caja?                        <\/div>\r\n                        <div class=\"accordion__icon\">\r\n                            <img decoding=\"async\" class=\"accordion__icon-arrow\"\r\n                                 src=\"https:\/\/mar-cigars.com\/wp-content\/themes\/cigaras\/assets\/img\/accordion-arrow.svg\"\r\n                                 alt=\"arrow\"\/>\r\n                            <img decoding=\"async\" class=\"accordion__icon-cross\"\r\n                                 src=\"https:\/\/mar-cigars.com\/wp-content\/themes\/cigaras\/assets\/img\/icons\/delete-cross-x-white.svg\"\r\n                                 alt=\"close icon\"\/>\r\n                        <\/div>\r\n                    <\/div>\r\n                <\/div>\r\n                          <div class=\"accordion__content\">\r\n                                    <div>Cada caja est\u00e1 cuidadosamente seleccionada para contener 12 puros de primera calidad, garantizando un generoso suministro de su mezcla preferida para su disfrute.<\/div>\r\n                              <\/div>\r\n          <\/div>\r\n        <\/div>\r\n<\/div>\r\n","protected":false},"excerpt":{"rendered":"","protected":false},"author":35,"featured_media":0,"parent":0,"menu_order":0,"comment_status":"closed","ping_status":"closed","template":"","meta":{"footnotes":""},"class_list":["post-396","page","type-page","status-publish","hentry"],"acf":[],"_links":{"self":[{"href":"https:\/\/mar-cigars.com\/es\/wp-json\/wp\/v2\/pages\/396","targetHints":{"allow":["GET"]}}],"collection":[{"href":"https:\/\/mar-cigars.com\/es\/wp-json\/wp\/v2\/pages"}],"about":[{"href":"https:\/\/mar-cigars.com\/es\/wp-json\/wp\/v2\/types\/page"}],"author":[{"embeddable":true,"href":"https:\/\/mar-cigars.com\/es\/wp-json\/wp\/v2\/users\/35"}],"replies":[{"embeddable":true,"href":"https:\/\/mar-cigars.com\/es\/wp-json\/wp\/v2\/comments?post=396"}],"version-history":[{"count":8,"href":"https:\/\/mar-cigars.com\/es\/wp-json\/wp\/v2\/pages\/396\/revisions"}],"predecessor-version":[{"id":932,"href":"https:\/\/mar-cigars.com\/es\/wp-json\/wp\/v2\/pages\/396\/revisions\/932"}],"wp:attachment":[{"href":"https:\/\/mar-cigars.com\/es\/wp-json\/wp\/v2\/media?parent=396"}],"curies":[{"name":"wp","href":"https:\/\/api.w.org\/{rel}","templated":true}]}}