{"id":448,"date":"2024-01-11T09:04:37","date_gmt":"2024-01-11T09:04:37","guid":{"rendered":"https:\/\/mar-cigars.com\/nuestro-equipo\/"},"modified":"2025-09-19T14:01:23","modified_gmt":"2025-09-19T14:01:23","slug":"nuestro-equipo","status":"publish","type":"page","link":"https:\/\/mar-cigars.com\/es\/nuestro-equipo\/","title":{"rendered":"Fundadores"},"content":{"rendered":"\r\n<div  class=\"hero-block\" style=\"background: url('https:\/\/mar-cigars.com\/wp-content\/uploads\/2025\/09\/DSC_9635-scaled.jpg');\">\r\n    <div class=\"hero-block__container\">\r\n        <div class=\"hero-block__column\">\r\n                            <h1 class=\"hero-block__title\">Fundadores<\/h1>\r\n            \r\n                                <\/div>\r\n        <div class=\"hero-block__column\">\r\n            <a href=\"#\" class=\"hero-block__scroll-down\">Scroll down<\/a>\r\n        <\/div>\r\n    <\/div>\r\n<\/div>\r\n\r\n\n\n\r\n<div  class=\"team-members-block\">\r\n            <div class=\"team-members\">\r\n                            <div class=\"team-members__item member-item team-members__item--right\">\r\n\r\n                    <div class=\"member-item__column-image \">\r\n                        <img decoding=\"async\" class=\"member-item__column-image-img\"\r\n                             src=\"https:\/\/mar-cigars.com\/wp-content\/uploads\/2024\/01\/DSC_9672.jpg\"\r\n                             alt=\"Marcel Christen\">\r\n                    <\/div>\r\n\r\n                    <div class=\"member-item__column-text\">\r\n                        <h2 class=\"member-item__column-text-title\">\r\n                          Marcel Christen                        <\/h2>\r\n                        \r\n                                                    <div class=\"member-item__column-text-description\">\r\n                              <!-- wp:paragraph {\"translatedWithWPMLTM\":\"1\"} -->\n<p>Marcel naci\u00f3 y creci\u00f3 en Herrliberg, junto al lago de Z\u00farich. Como director general de una importante planta de grava y de una empresa de construcci\u00f3n en el sur de Alemania y Suiza, pronto se convirti\u00f3 en un amante y aficionado a los puros. En su tiempo libre, Marcel es un apasionado de los coches deportivos de \u00e9poca y de la bicicleta.<\/p>\n<!-- \/wp:paragraph -->                            <\/div>\r\n                        \r\n                        <div class=\"member-item__column-text-links\">\r\n                                                  <\/div>\r\n\r\n                    <\/div>\r\n\r\n                <\/div>\r\n                                            <div class=\"team-members__item member-item team-members__item--left\">\r\n\r\n                    <div class=\"member-item__column-image \">\r\n                        <img decoding=\"async\" class=\"member-item__column-image-img\"\r\n                             src=\"https:\/\/mar-cigars.com\/wp-content\/uploads\/2024\/01\/DSC_96751111-1-scaled.jpg\"\r\n                             alt=\"Alain Held\">\r\n                    <\/div>\r\n\r\n                    <div class=\"member-item__column-text\">\r\n                        <h2 class=\"member-item__column-text-title\">\r\n                          Alain Held                        <\/h2>\r\n                        \r\n                                                    <div class=\"member-item__column-text-description\">\r\n                              <!-- wp:paragraph {\"translatedWithWPMLTM\":\"1\"} -->\n<p>Suizo de nacimiento y criado en Vancouver (Canad\u00e1), Alain se aficion\u00f3 a los puros viajando a Costa Rica. Adem\u00e1s de los puros, disfruta con un buen vaso de ron o whisky. Profesionalmente, trabaja en un family office internacional y atiende a clientes de todo el mundo. Adem\u00e1s, Alain es un adicto al tenis.<\/p>\n<!-- \/wp:paragraph -->                            <\/div>\r\n                        \r\n                        <div class=\"member-item__column-text-links\">\r\n                                                  <\/div>\r\n\r\n                    <\/div>\r\n\r\n                <\/div>\r\n                                            <div class=\"team-members__item member-item team-members__item--right\">\r\n\r\n                    <div class=\"member-item__column-image \">\r\n                        <img decoding=\"async\" class=\"member-item__column-image-img\"\r\n                             src=\"https:\/\/mar-cigars.com\/wp-content\/uploads\/2024\/01\/DSC_9649-4-scaled.jpg\"\r\n                             alt=\"Ralph Zumb\u00fchl\">\r\n                    <\/div>\r\n\r\n                    <div class=\"member-item__column-text\">\r\n                        <h2 class=\"member-item__column-text-title\">\r\n                          Ralph Zumb\u00fchl                        <\/h2>\r\n                        \r\n                                                    <div class=\"member-item__column-text-description\">\r\n                              <!-- wp:paragraph {\"translatedWithWPMLTM\":\"1\"} -->\n<p>Ralph tambi\u00e9n tiene sus ra\u00edces en el lago de Z\u00farich, donde ha vivido toda su vida. Profesionalmente, Ralph es el mejor dentista de la ciudad y dirige su propia consulta con un socio. En su tiempo libre, Ralph es un \u00e1vido jinete, coleccionista de Porsches antiguos y un indulgente fumador de puros.<\/p>\n<!-- \/wp:paragraph -->                            <\/div>\r\n                        \r\n                        <div class=\"member-item__column-text-links\">\r\n                                                  <\/div>\r\n\r\n                    <\/div>\r\n\r\n                <\/div>\r\n                                    <\/div>\r\n        <\/div>\r\n\n\n\r\n<div  class=\"simple-text-block\">\r\n    <div class=\"simple-text-block__container\">\r\n        <div class=\"simple-text-block__column title__column\">\r\n          \r\n                        <h3 class=\"simple-text-block__subtitle\">Todos compartimos una misi\u00f3n:<\/h3>\r\n                  <\/div>\r\n\r\n\r\n        <div class=\"simple-text-block__column description__column\">\r\n                        <div class=\"simple-text-block__description\">\r\n                  <img decoding=\"async\" src=\"https:\/\/mar-cigars.com\/wp-content\/themes\/cigaras\/assets\/img\/one-wave.svg\" alt=\"\">\r\n                <p>t\u00f3mese su tiempo para disfrutar de momentos con los mejores puros del mundo acompa\u00f1ados de los mejores licores<\/p>\n              <\/div>\r\n                  <\/div>\r\n    <\/div>\r\n<\/div>\r\n\r\n\n\n\r\n<div  class=\"gallery-block\">\r\n            <div class=\"gallery__container\">\r\n            <h2><\/h2>\r\n\r\n            <div class=\"gallery gallery__content\">\r\n                                <a href=\"#0\" class=\"gallery__item\" data-id=\"0\">\r\n                      <img decoding=\"async\" class=\"gallery__item-expand-icon\"\r\n                           src=\"https:\/\/mar-cigars.com\/wp-content\/themes\/cigaras\/assets\/img\/gallery-expand.svg\" alt=\"expand\"\/>\r\n                      <img decoding=\"async\" class=\"gallery__item-image\"\r\n                           src=\"https:\/\/mar-cigars.com\/wp-content\/uploads\/2025\/09\/DSC_9632-scaled.jpg\" alt=\"\"\/>\r\n                  <\/a>\r\n                  <div class=\"gallery__item-lightbox\" data-id=\"0\">\r\n                      <img decoding=\"async\" src=\"https:\/\/mar-cigars.com\/wp-content\/uploads\/2025\/09\/DSC_9632-scaled.jpg\" alt=\"\"\/>\r\n                  <\/div>\r\n                                  <a href=\"#1\" class=\"gallery__item\" data-id=\"1\">\r\n                      <img decoding=\"async\" class=\"gallery__item-expand-icon\"\r\n                           src=\"https:\/\/mar-cigars.com\/wp-content\/themes\/cigaras\/assets\/img\/gallery-expand.svg\" alt=\"expand\"\/>\r\n                      <img decoding=\"async\" class=\"gallery__item-image\"\r\n                           src=\"https:\/\/mar-cigars.com\/wp-content\/uploads\/2025\/09\/DSC_9642-scaled.jpg\" alt=\"\"\/>\r\n                  <\/a>\r\n                  <div class=\"gallery__item-lightbox\" data-id=\"1\">\r\n                      <img decoding=\"async\" src=\"https:\/\/mar-cigars.com\/wp-content\/uploads\/2025\/09\/DSC_9642-scaled.jpg\" alt=\"\"\/>\r\n                  <\/div>\r\n                                  <a href=\"#2\" class=\"gallery__item\" data-id=\"2\">\r\n                      <img decoding=\"async\" class=\"gallery__item-expand-icon\"\r\n                           src=\"https:\/\/mar-cigars.com\/wp-content\/themes\/cigaras\/assets\/img\/gallery-expand.svg\" alt=\"expand\"\/>\r\n                      <img decoding=\"async\" class=\"gallery__item-image\"\r\n                           src=\"https:\/\/mar-cigars.com\/wp-content\/uploads\/2025\/09\/3.jpg\" alt=\"\"\/>\r\n                  <\/a>\r\n                  <div class=\"gallery__item-lightbox\" data-id=\"2\">\r\n                      <img decoding=\"async\" src=\"https:\/\/mar-cigars.com\/wp-content\/uploads\/2025\/09\/3.jpg\" alt=\"\"\/>\r\n                  <\/div>\r\n                            <\/div>\r\n        <\/div>\r\n\r\n    <\/div>\r\n","protected":false},"excerpt":{"rendered":"","protected":false},"author":35,"featured_media":0,"parent":0,"menu_order":0,"comment_status":"closed","ping_status":"closed","template":"","meta":{"footnotes":""},"class_list":["post-448","page","type-page","status-publish","hentry"],"acf":[],"_links":{"self":[{"href":"https:\/\/mar-cigars.com\/es\/wp-json\/wp\/v2\/pages\/448","targetHints":{"allow":["GET"]}}],"collection":[{"href":"https:\/\/mar-cigars.com\/es\/wp-json\/wp\/v2\/pages"}],"about":[{"href":"https:\/\/mar-cigars.com\/es\/wp-json\/wp\/v2\/types\/page"}],"author":[{"embeddable":true,"href":"https:\/\/mar-cigars.com\/es\/wp-json\/wp\/v2\/users\/35"}],"replies":[{"embeddable":true,"href":"https:\/\/mar-cigars.com\/es\/wp-json\/wp\/v2\/comments?post=448"}],"version-history":[{"count":18,"href":"https:\/\/mar-cigars.com\/es\/wp-json\/wp\/v2\/pages\/448\/revisions"}],"predecessor-version":[{"id":1299,"href":"https:\/\/mar-cigars.com\/es\/wp-json\/wp\/v2\/pages\/448\/revisions\/1299"}],"wp:attachment":[{"href":"https:\/\/mar-cigars.com\/es\/wp-json\/wp\/v2\/media?parent=448"}],"curies":[{"name":"wp","href":"https:\/\/api.w.org\/{rel}","templated":true}]}}